{"id":72,"date":"2016-07-06T15:43:42","date_gmt":"2016-07-06T18:43:42","guid":{"rendered":"http:\/\/apcmode.com\/?page_id=72"},"modified":"2016-07-15T17:37:46","modified_gmt":"2016-07-15T20:37:46","slug":"video_aulas","status":"publish","type":"page","link":"https:\/\/apcmode.com\/?page_id=72","title":{"rendered":"V\u00eddeo Aulas"},"content":{"rendered":"<p><table id=\"table_17647040\" width=\"100%\" class=\"zebra\"><thead><tr><th>V\u00ecdeo Aulas<\/th><th><\/th><\/tr>\r\n    <\/thead>\r\n    <tbody>\r\n\t\r\n\t<script type=\"text\/javascript\" charset=\"utf-8\">\r\n jQuery(document).ready(function() {\r\n    jQuery('#table_17647040').DataTable( {\"destroy\": true,\"bPaginate\": false,\"bLengthChange\": false,\"bFilter\": false,\"bSort\": false,\"bInfo\": false,\"bStateSave\": true,\"bAutoWidth\": true,\"sPaginationType\": \"full_numbers\",\"oLanguage\": {\r\n\t\t\t\"sLengthMenu\": \"Display _MENU_ records per page\",\r\n\t\t\t\"sZeroRecords\": \"Nothing found - sorry\",\r\n\t\t\t\"sInfo\": \"Showing _START_ to _END_ of _TOTAL_ records\",\r\n\t\t\t\"sInfoEmpty\": \"Showing 0 to 0 of 0 records\",\r\n                        \"sSearch\": \"Search: \",\r\n\t\t\t\"sInfoFiltered\": \"(filtered from _MAX_ total records)\"\r\n\t\t}} );\r\n});\r\n <\/script><tr><td><img decoding=\"async\" src=\"http:\/\/apcmode.com\/wp-content\/uploads\/2016\/07\/audiovideo_icon.png\" \/> V\u00eddeo Aula 1<\/td><td><a href=\"http:\/\/apcmode.com\/videos\/videoaula1\/videoaula1.html\">Passo-a-passo: Introdu\u00e7\u00e3o ao uso do TDPS (20 min, com \u00e1udio) <\/a><\/td><\/tr><tr><td><img decoding=\"async\" src=\"http:\/\/apcmode.com\/wp-content\/uploads\/2016\/07\/audiovideo_icon.png\" \/>V\u00eddeo Aula 2<\/td><td><a href=\"http:\/\/apcmode.com\/videos\/videoaula2\/videoaula2.html\">Modelagem de sistemas din\u00e2micos lineares (18 min, com \u00e1udio)<\/a><\/td><\/tr><tr><td><img decoding=\"async\" src=\"http:\/\/apcmode.com\/wp-content\/uploads\/2016\/07\/audiovideo_icon.png\" \/>V\u00eddeo Aula 3<\/td><td><a href=\"http:\/\/apcmode.com\/videos\/videoaula3\/videoaula3.html\">Simula\u00e7\u00e3o da vaz\u00e3o em um duto<\/a><\/td><\/tr><tr><td><img decoding=\"async\" src=\"http:\/\/apcmode.com\/wp-content\/uploads\/2016\/07\/audiovideo_icon.png\" \/>V\u00eddeo Aula 4<\/td><td><a href=\"http:\/\/apcmode.com\/videos\/videoaula4\/videoaula4.html\">Modelagem utilizando teste de resposta ao degrau e parametriza\u00e7\u00e3o de um controlador PID<\/a><\/td><\/tr><tr><td><img decoding=\"async\" src=\"http:\/\/apcmode.com\/wp-content\/uploads\/2016\/07\/audiovideo_icon.png\" \/>V\u00eddeo Aula 5<\/td><td><a href=\"http:\/\/apcmode.com\/videos\/videoaula5\/videoaula5.html\">Modelagem de sistemas integradores<\/a><\/td><\/tr>\r\n    <\/tbody>\r\n<\/table><\/p>\n","protected":false},"excerpt":{"rendered":"<p>V\u00ecdeo Aulas V\u00eddeo Aula 1Passo-a-passo: Introdu\u00e7\u00e3o ao uso do TDPS (20 min, com \u00e1udio) V\u00eddeo Aula 2Modelagem de sistemas din\u00e2micos lineares (18 min, com \u00e1udio)V\u00eddeo Aula 3Simula\u00e7\u00e3o da vaz\u00e3o em um dutoV\u00eddeo Aula 4Modelagem utilizando teste de resposta ao degrau &hellip;<\/p>\n<p class=\"read-more\"> <a class=\"more-link\" href=\"https:\/\/apcmode.com\/?page_id=72\"> <span class=\"screen-reader-text\">V\u00eddeo Aulas<\/span> Read More &raquo;<\/a><\/p>\n","protected":false},"author":1,"featured_media":0,"parent":0,"menu_order":2,"comment_status":"closed","ping_status":"closed","template":"full-width-page.php","meta":{"footnotes":""},"class_list":["post-72","page","type-page","status-publish","hentry"],"_links":{"self":[{"href":"https:\/\/apcmode.com\/index.php?rest_route=\/wp\/v2\/pages\/72","targetHints":{"allow":["GET"]}}],"collection":[{"href":"https:\/\/apcmode.com\/index.php?rest_route=\/wp\/v2\/pages"}],"about":[{"href":"https:\/\/apcmode.com\/index.php?rest_route=\/wp\/v2\/types\/page"}],"author":[{"embeddable":true,"href":"https:\/\/apcmode.com\/index.php?rest_route=\/wp\/v2\/users\/1"}],"replies":[{"embeddable":true,"href":"https:\/\/apcmode.com\/index.php?rest_route=%2Fwp%2Fv2%2Fcomments&post=72"}],"version-history":[{"count":0,"href":"https:\/\/apcmode.com\/index.php?rest_route=\/wp\/v2\/pages\/72\/revisions"}],"wp:attachment":[{"href":"https:\/\/apcmode.com\/index.php?rest_route=%2Fwp%2Fv2%2Fmedia&parent=72"}],"curies":[{"name":"wp","href":"https:\/\/api.w.org\/{rel}","templated":true}]}}