{"id":52,"date":"2016-07-04T08:15:44","date_gmt":"2016-07-04T11:15:44","guid":{"rendered":"http:\/\/apcmode.com\/?page_id=52"},"modified":"2016-07-15T17:37:50","modified_gmt":"2016-07-15T20:37:50","slug":"downloads","status":"publish","type":"page","link":"https:\/\/apcmode.com\/?page_id=52","title":{"rendered":"Downloads"},"content":{"rendered":"<p><table id=\"table_25030717\" width=\"100%\" class=\"zebra\"><thead><tr><th><\/th><th>Aplicativos \/ C\u00f3digos<\/th><\/tr>\r\n    <\/thead>\r\n    <tbody>\r\n\t\r\n\t<script type=\"text\/javascript\" charset=\"utf-8\">\r\n jQuery(document).ready(function() {\r\n    jQuery('#table_25030717').DataTable( {\"destroy\": true,\"bPaginate\": false,\"bLengthChange\": false,\"bFilter\": false,\"bSort\": false,\"bInfo\": false,\"bStateSave\": true,\"bAutoWidth\": true,\"sPaginationType\": \"full_numbers\",\"oLanguage\": {\r\n\t\t\t\"sLengthMenu\": \"Display _MENU_ records per page\",\r\n\t\t\t\"sZeroRecords\": \"Nothing found - sorry\",\r\n\t\t\t\"sInfo\": \"Showing _START_ to _END_ of _TOTAL_ records\",\r\n\t\t\t\"sInfoEmpty\": \"Showing 0 to 0 of 0 records\",\r\n                        \"sSearch\": \"Search: \",\r\n\t\t\t\"sInfoFiltered\": \"(filtered from _MAX_ total records)\"\r\n\t\t}} );\r\n});\r\n <\/script><tr><td><img decoding=\"async\" src=\"http:\/\/apcmode.com\/wp-content\/uploads\/2016\/07\/logoTDPS.jpg\" \/> Pasta compactada contendo o execut\u00e1vel<\/td><td><a  data-e-Disable-Page-Transition=\"true\" class=\"download-link\" title=\"Vers\u00e3o 7.84 (execut\u00e1vel em pasta zip)\" href=\"https:\/\/apcmode.com?download=75&amp;tmstv=1777123735\" rel=\"nofollow\" id=\"download-link-75\" filetype-icon=\"filetype-zip\" >\n\tTDPS_v784.zip\t(26224 downloads\t)\n<\/a>\n<\/td><\/tr><tr><td><img decoding=\"async\" src=\"http:\/\/apcmode.com\/wp-content\/uploads\/2016\/07\/logoTDPS.jpg\" \/> Arquivo instalador<\/td><td><a  data-e-Disable-Page-Transition=\"true\" class=\"download-link\" title=\"Vers\u00e3o 7.84 (instalador)\" href=\"https:\/\/apcmode.com?download=1423&amp;tmstv=1777123735\" rel=\"nofollow\" id=\"download-link-1423\" filetype-icon=\"filetype-exe\" >\n\tsetup_TDPSv784.exe\t(11746 downloads\t)\n<\/a>\n<\/td><\/tr><tr><td><img decoding=\"async\" src=\"http:\/\/apcmode.com\/wp-content\/uploads\/2020\/07\/planilha_sintonia-1.png\" \/><\/td><td><a  data-e-Disable-Page-Transition=\"true\" class=\"download-link\" title=\"Vers\u00e3o 1.0\" href=\"https:\/\/apcmode.com?download=1327&amp;tmstv=1777123735\" rel=\"nofollow\" id=\"download-link-1327\" filetype-icon=\"filetype-xlsx\" >\n\tGuia-Parametriza\u00e7\u00e3o-PID_v1.xlsx\t(9394 downloads\t)\n<\/a>\n<\/td><\/tr>\r\n    <\/tbody>\r\n<\/table><\/p>\n","protected":false},"excerpt":{"rendered":"<p>Aplicativos \/ C\u00f3digos Pasta compactada contendo o execut\u00e1vel TDPS_v784.zip (26224 downloads ) Arquivo instalador setup_TDPSv784.exe (11746 downloads ) Guia-Parametriza\u00e7\u00e3o-PID_v1.xlsx (9394 downloads )<\/p>\n","protected":false},"author":1,"featured_media":0,"parent":0,"menu_order":3,"comment_status":"closed","ping_status":"closed","template":"full-width-page.php","meta":{"footnotes":""},"class_list":["post-52","page","type-page","status-publish","hentry"],"_links":{"self":[{"href":"https:\/\/apcmode.com\/index.php?rest_route=\/wp\/v2\/pages\/52","targetHints":{"allow":["GET"]}}],"collection":[{"href":"https:\/\/apcmode.com\/index.php?rest_route=\/wp\/v2\/pages"}],"about":[{"href":"https:\/\/apcmode.com\/index.php?rest_route=\/wp\/v2\/types\/page"}],"author":[{"embeddable":true,"href":"https:\/\/apcmode.com\/index.php?rest_route=\/wp\/v2\/users\/1"}],"replies":[{"embeddable":true,"href":"https:\/\/apcmode.com\/index.php?rest_route=%2Fwp%2Fv2%2Fcomments&post=52"}],"version-history":[{"count":0,"href":"https:\/\/apcmode.com\/index.php?rest_route=\/wp\/v2\/pages\/52\/revisions"}],"wp:attachment":[{"href":"https:\/\/apcmode.com\/index.php?rest_route=%2Fwp%2Fv2%2Fmedia&parent=52"}],"curies":[{"name":"wp","href":"https:\/\/api.w.org\/{rel}","templated":true}]}}