{"id":392,"date":"2016-07-19T09:13:23","date_gmt":"2016-07-19T12:13:23","guid":{"rendered":"http:\/\/apcmode.com\/?page_id=392"},"modified":"2025-09-14T20:09:46","modified_gmt":"2025-09-14T23:09:46","slug":"aulas","status":"publish","type":"page","link":"https:\/\/apcmode.com\/?page_id=392","title":{"rendered":"Fundamentos de Controle de Processos"},"content":{"rendered":"<p><a href=\"https:\/\/apcmode.com\/?page_id=314\"><img loading=\"lazy\" decoding=\"async\" src=\"https:\/\/apcmode.com\/wp-content\/uploads\/2016\/07\/sumario.png\" usemap=\"#map\" width=\"933\" height=\"1066\" border=\"0\"><\/a><\/p>\n<map name=\"map\">\n<area coords=\"172,53,411,75\" shape=\"rect\" href=\"https:\/\/apcmode.com\/?page_id=310\" target=\"_blank\">\n<area coords=\"172,90,411,112\" shape=\"rect\" href=\"https:\/\/apcmode.com\/?page_id=314\" target=\"_blank\">\n<area coords=\"172,127,411,149\" shape=\"rect\" href=\"https:\/\/apcmode.com\/?page_id=316\" target=\"_blank\">\n<area coords=\"172,164,411,186\" shape=\"rect\" href=\"https:\/\/apcmode.com\/?page_id=318\" target=\"_blank\">\n<area coords=\"172,248,411,275\" shape=\"rect\" href=\"https:\/\/apcmode.com\/?page_id=320\" target=\"_blank\">\n<area coords=\"172,285,411,312\" shape=\"rect\" href=\"https:\/\/apcmode.com\/?page_id=322\" target=\"_blank\">\n<area coords=\"172,322,411,349\" shape=\"rect\" href=\"https:\/\/apcmode.com\/?page_id=324\" target=\"_blank\">\n<area coords=\"172,359,411,386\" shape=\"rect\" href=\"https:\/\/apcmode.com\/?page_id=326\" target=\"_blank\">\n<area coords=\"172,396,411,423\" shape=\"rect\" href=\"https:\/\/apcmode.com\/?page_id=332\" target=\"_blank\">\n<area coords=\"172,489,411,512\" shape=\"rect\" href=\"https:\/\/apcmode.com\/?page_id=328\" target=\"_blank\">\n<area coords=\"172,522,411,549\" shape=\"rect\" href=\"https:\/\/apcmode.com\/?page_id=330\" target=\"_blank\">\n<area coords=\"172,559,411,586\" shape=\"rect\" href=\"https:\/\/apcmode.com\/?page_id=334\" target=\"_blank\">\n<area coords=\"172,596,411,627\" shape=\"rect\" href=\"https:\/\/apcmode.com\/?page_id=336\" target=\"_blank\">\n<area coords=\"172,633,411,664\" shape=\"rect\" href=\"https:\/\/apcmode.com\/?page_id=338\" target=\"_blank\">\n<area coords=\"651,53,890,75\" shape=\"rect\" href=\"https:\/\/apcmode.com\/?page_id=342\" target=\"_blank\">\n<area coords=\"651,90,889,112\" shape=\"rect\" href=\"https:\/\/apcmode.com\/?page_id=344\" target=\"_blank\">\n<area coords=\"651,127,890,149\" shape=\"rect\" href=\"https:\/\/apcmode.com\/?page_id=346\" target=\"_blank\">\n<area coords=\"651,164,890,186\" shape=\"rect\" href=\"https:\/\/apcmode.com\/?page_id=348\" target=\"_blank\">\n<area coords=\"651,201,890,223\" shape=\"rect\" href=\"https:\/\/apcmode.com\/?page_id=350\" target=\"_blank\">\n<area coords=\"651,284,890,311\" shape=\"rect\" href=\"https:\/\/apcmode.com\/?page_id=382\" target=\"_blank\">\n<area coords=\"651,321,890,348\" shape=\"rect\" href=\"https:\/\/apcmode.com\/?page_id=384\" target=\"_blank\">\n<area coords=\"651,358,890,385\" shape=\"rect\" href=\"https:\/\/apcmode.com\/?page_id=386\" target=\"_blank\">\n<area coords=\"651,395,890,423\" shape=\"rect\" href=\"https:\/\/apcmode.com\/?page_id=388\" target=\"_blank\">\n<area coords=\"651,432,890,459\" shape=\"rect\" href=\"https:\/\/apcmode.com\/?page_id=390\" target=\"_blank\">\n<area coords=\"187,749,426,777\" shape=\"rect\" href=\"https:\/\/apcmode.com\/?page_id=354\" target=\"_blank\">\n<area coords=\"187,786,426,814\" shape=\"rect\" href=\"https:\/\/apcmode.com\/?page_id=356\" target=\"_blank\">\n<area coords=\"186,821,426,849\" shape=\"rect\" href=\"https:\/\/apcmode.com\/?page_id=358\" target=\"_blank\">\n<area coords=\"187,858,426,886\" shape=\"rect\" href=\"https:\/\/apcmode.com\/?page_id=360\" target=\"_blank\">\n<area coords=\"187,895,426,923\" shape=\"rect\" href=\"https:\/\/apcmode.com\/?page_id=366\" target=\"_blank\">\n<area coords=\"187,932,426,960\" shape=\"rect\" href=\"https:\/\/apcmode.com\/?page_id=368\" target=\"_blank\">\n<area coords=\"187,969,426,997\" shape=\"rect\" href=\"https:\/\/apcmode.com\/?page_id=364\" target=\"_blank\">\n<area coords=\"187,1006,426,1034\" shape=\"rect\" href=\"https:\/\/apcmode.com\/?page_id=370\" target=\"_blank\">\n<area coords=\"610,745,850,771\" shape=\"rect\" href=\"https:\/\/apcmode.com\/?page_id=372\" target=\"_blank\">\n<area coords=\"610,782,850,810\" shape=\"rect\" href=\"https:\/\/apcmode.com\/?page_id=374\" target=\"_blank\">\n<area coords=\"610,819,850,845\" shape=\"rect\" href=\"https:\/\/apcmode.com\/?page_id=376\/#agarramento\" target=\"_blank\">\n<area coords=\"610,856,850,882\" shape=\"rect\" href=\"https:\/\/apcmode.com\/?page_id=376\/#histerese\" target=\"_blank\">\n<area coords=\"610,893,850,919\" shape=\"rect\" href=\"https:\/\/apcmode.com\/?page_id=378\" target=\"_blank\">\n<area coords=\"610,930,850,956\" shape=\"rect\" href=\"https:\/\/apcmode.com\/?page_id=362\" target=\"_blank\">\n <\/map>\n<h3><\/h3>\n<p>1 Controle de Processos<\/p>\n<ul>\n<li><a href=\"https:\/\/apcmode.com\/?page_id=310\">Abrang\u00eancia, import\u00e2ncia e limita\u00e7\u00f5es<\/a><\/li>\n<li><a href=\"https:\/\/apcmode.com\/?page_id=314\">Terminologia b\u00e1sica<\/a><\/li>\n<li><a href=\"https:\/\/apcmode.com\/?page_id=316\">Objetivos de controle<\/a><\/li>\n<li><a href=\"https:\/\/apcmode.com\/?page_id=318\">Avalia\u00e7\u00e3o de desempenho<\/a><\/li>\n<\/ul>\n<p>2 Sinais e Sistemas<\/p>\n<ul>\n<li><a href=\"https:\/\/apcmode.com\/?page_id=320\">Defini\u00e7\u00f5es<\/a><\/li>\n<li><a href=\"https:\/\/apcmode.com\/?page_id=322\">Tipos de sinais<\/a><\/li>\n<li><a href=\"https:\/\/apcmode.com\/?page_id=324\">Classifica\u00e7\u00e3o de sistemas<\/a><\/li>\n<li><a href=\"https:\/\/apcmode.com\/?page_id=326\">Transformada de Laplace<\/a><\/li>\n<li><a href=\"https:\/\/apcmode.com\/?page_id=332\">Fun\u00e7\u00e3o de Transfer\u00eancia<\/a><\/li>\n<\/ul>\n<p>3 Modelagem e Identifica\u00e7\u00e3o<\/p>\n<ul>\n<li><a href=\"https:\/\/apcmode.com\/?page_id=328\">T\u00e9cnicas de modelagem<\/a><\/li>\n<li><a href=\"https:\/\/apcmode.com\/?page_id=330\">Elementos din\u00e2micos<\/a><\/li>\n<li><a href=\"https:\/\/apcmode.com\/?page_id=334\">M\u00e9todos gr\u00e1ficos<\/a><\/li>\n<li><a href=\"https:\/\/apcmode.com\/?page_id=336\">M\u00e9todos computacionais<\/a><\/li>\n<li><a href=\"https:\/\/apcmode.com\/?page_id=338\">Orienta\u00e7\u00f5es pr\u00e1ticas<\/a><\/li>\n<\/ul>\n<p>4 Controle PID<\/p>\n<ul>\n<li><a href=\"https:\/\/apcmode.com\/?page_id=342\">Etapas de projeto<\/a><\/li>\n<li><a href=\"https:\/\/apcmode.com\/?page_id=344\">A equa\u00e7\u00e3o PID<\/a><\/li>\n<li><a href=\"https:\/\/apcmode.com\/?page_id=346\">M\u00e9todos cl\u00e1ssicos de sintonia<\/a><\/li>\n<li><a href=\"https:\/\/apcmode.com\/?page_id=348\">M\u00e9todos Lambda-Tuning<\/a><\/li>\n<li><a href=\"https:\/\/apcmode.com\/?page_id=350\">An\u00e1lise na frequ\u00eancia<\/a><\/li>\n<\/ul>\n<p>5 Implementa\u00e7\u00e3o digital<\/p>\n<ul>\n<li><a href=\"https:\/\/apcmode.com\/?page_id=382\">Controle digital<\/a><\/li>\n<li><a href=\"https:\/\/apcmode.com\/?page_id=384\">Amostragem e falseamento<\/a><\/li>\n<li><a href=\"https:\/\/apcmode.com\/?page_id=386\">Discretiza\u00e7\u00e3o de FT&#8217;s<\/a><\/li>\n<li><a href=\"https:\/\/apcmode.com\/?page_id=388\">PID digital<\/a><\/li>\n<li><a href=\"https:\/\/apcmode.com\/?page_id=390\">Controle em CLP<\/a><\/li>\n<\/ul>\n<p>6 Estrat\u00e9gias de controle multimalha<\/p>\n<ul>\n<li><a href=\"https:\/\/apcmode.com\/?page_id=916\">Introdu\u00e7\u00e3o<\/a><\/li>\n<li><a href=\"https:\/\/apcmode.com\/?page_id=354\">Controle retroalimentado<\/a><\/li>\n<li><a href=\"https:\/\/apcmode.com\/?page_id=356\">Composisa\u00e7\u00e3o Mestre-Escravo<\/a><\/li>\n<li><a href=\"https:\/\/apcmode.com\/?page_id=358\">Compensa\u00e7\u00e3o direta<\/a><\/li>\n<li><a href=\"https:\/\/apcmode.com\/?page_id=360\">Controle de raz\u00e3o<\/a><\/li>\n<li><a href=\"https:\/\/apcmode.com\/?page_id=366\">Divis\u00e3o de faixa<\/a><\/li>\n<li><a href=\"https:\/\/apcmode.com\/?page_id=368\">Controle grosso-fino<\/a><\/li>\n<li><a href=\"https:\/\/apcmode.com\/?page_id=364\">Controle preferencial<\/a><\/li>\n<li><a href=\"https:\/\/apcmode.com\/?page_id=370\">Desacoplamento<\/a><\/li>\n<\/ul>\n<p>7 Tratamento de n\u00e3o-linearidades<\/p>\n<ul>\n<li><a href=\"https:\/\/apcmode.com\/?page_id=372\">Problemas de campo<\/a><\/li>\n<li><a href=\"https:\/\/apcmode.com\/?page_id=374\">Par\u00e2metros variantes<\/a><\/li>\n<li><a href=\"https:\/\/apcmode.com\/?page_id=376\">Agarramento em v\u00e1lvulas<\/a><\/li>\n<li><a href=\"https:\/\/apcmode.com\/?page_id=376\">Histerese em v\u00e1lvulas<\/a><\/li>\n<li><a href=\"https:\/\/apcmode.com\/?page_id=378\">Outras limita\u00e7\u00f5es f\u00edsicas<\/a><\/li>\n<li><a href=\"https:\/\/apcmode.com\/?page_id=362\">Compensa\u00e7\u00e3o de tempo morto<\/a><\/li>\n<\/ul>\n","protected":false},"excerpt":{"rendered":"<p>1 Controle de Processos Abrang\u00eancia, import\u00e2ncia e limita\u00e7\u00f5es Terminologia b\u00e1sica Objetivos de controle Avalia\u00e7\u00e3o de desempenho 2 Sinais e Sistemas Defini\u00e7\u00f5es Tipos de sinais Classifica\u00e7\u00e3o de sistemas Transformada de Laplace Fun\u00e7\u00e3o de Transfer\u00eancia 3 Modelagem e Identifica\u00e7\u00e3o T\u00e9cnicas de modelagem &hellip;<\/p>\n<p class=\"read-more\"> <a class=\"more-link\" href=\"https:\/\/apcmode.com\/?page_id=392\"> <span class=\"screen-reader-text\">Fundamentos de Controle de Processos<\/span> Read More &raquo;<\/a><\/p>\n","protected":false},"author":1,"featured_media":0,"parent":0,"menu_order":5,"comment_status":"closed","ping_status":"closed","template":"full-width-page.php","meta":{"footnotes":""},"class_list":["post-392","page","type-page","status-publish","hentry"],"_links":{"self":[{"href":"https:\/\/apcmode.com\/index.php?rest_route=\/wp\/v2\/pages\/392","targetHints":{"allow":["GET"]}}],"collection":[{"href":"https:\/\/apcmode.com\/index.php?rest_route=\/wp\/v2\/pages"}],"about":[{"href":"https:\/\/apcmode.com\/index.php?rest_route=\/wp\/v2\/types\/page"}],"author":[{"embeddable":true,"href":"https:\/\/apcmode.com\/index.php?rest_route=\/wp\/v2\/users\/1"}],"replies":[{"embeddable":true,"href":"https:\/\/apcmode.com\/index.php?rest_route=%2Fwp%2Fv2%2Fcomments&post=392"}],"version-history":[{"count":28,"href":"https:\/\/apcmode.com\/index.php?rest_route=\/wp\/v2\/pages\/392\/revisions"}],"predecessor-version":[{"id":1465,"href":"https:\/\/apcmode.com\/index.php?rest_route=\/wp\/v2\/pages\/392\/revisions\/1465"}],"wp:attachment":[{"href":"https:\/\/apcmode.com\/index.php?rest_route=%2Fwp%2Fv2%2Fmedia&parent=392"}],"curies":[{"name":"wp","href":"https:\/\/api.w.org\/{rel}","templated":true}]}}