{"id":380,"date":"2016-07-19T09:30:37","date_gmt":"2016-07-19T12:30:37","guid":{"rendered":"http:\/\/apcmode.com\/?page_id=380"},"modified":"2020-07-04T18:21:14","modified_gmt":"2020-07-04T21:21:14","slug":"consideracoes-controle-digital","status":"publish","type":"page","link":"https:\/\/apcmode.com\/?page_id=380","title":{"rendered":"Considera\u00e7\u00f5es controle digital"},"content":{"rendered":"<table style=\"width: 100%;\" border=\"1\" cellpadding=\"5\">\n<tbody>\n<tr>\n<td><a href=\"https:\/\/apcmode.com\/?page_id=350\">Retorna para t\u00f3pico anterior<\/a><\/td>\n<td><a href=\"https:\/\/apcmode.com\/?page_id=384\">Avan\u00e7a para pr\u00f3ximo t\u00f3pico<\/a><\/td>\n<\/tr>\n<\/tbody>\n<\/table>\n","protected":false},"excerpt":{"rendered":"<p>Retorna para t\u00f3pico anterior Avan\u00e7a para pr\u00f3ximo t\u00f3pico<\/p>\n","protected":false},"author":1,"featured_media":0,"parent":392,"menu_order":70,"comment_status":"closed","ping_status":"closed","template":"","meta":{"footnotes":""},"class_list":["post-380","page","type-page","status-publish","hentry"],"_links":{"self":[{"href":"https:\/\/apcmode.com\/index.php?rest_route=\/wp\/v2\/pages\/380","targetHints":{"allow":["GET"]}}],"collection":[{"href":"https:\/\/apcmode.com\/index.php?rest_route=\/wp\/v2\/pages"}],"about":[{"href":"https:\/\/apcmode.com\/index.php?rest_route=\/wp\/v2\/types\/page"}],"author":[{"embeddable":true,"href":"https:\/\/apcmode.com\/index.php?rest_route=\/wp\/v2\/users\/1"}],"replies":[{"embeddable":true,"href":"https:\/\/apcmode.com\/index.php?rest_route=%2Fwp%2Fv2%2Fcomments&post=380"}],"version-history":[{"count":2,"href":"https:\/\/apcmode.com\/index.php?rest_route=\/wp\/v2\/pages\/380\/revisions"}],"predecessor-version":[{"id":1271,"href":"https:\/\/apcmode.com\/index.php?rest_route=\/wp\/v2\/pages\/380\/revisions\/1271"}],"up":[{"embeddable":true,"href":"https:\/\/apcmode.com\/index.php?rest_route=\/wp\/v2\/pages\/392"}],"wp:attachment":[{"href":"https:\/\/apcmode.com\/index.php?rest_route=%2Fwp%2Fv2%2Fmedia&parent=380"}],"curies":[{"name":"wp","href":"https:\/\/api.w.org\/{rel}","templated":true}]}}