{"id":376,"date":"2016-07-19T09:08:02","date_gmt":"2016-07-19T12:08:02","guid":{"rendered":"http:\/\/apcmode.com\/?page_id=376"},"modified":"2020-07-04T18:17:58","modified_gmt":"2020-07-04T21:17:58","slug":"nao-linearidades-tipicas-em-valvulas","status":"publish","type":"page","link":"https:\/\/apcmode.com\/?page_id=376","title":{"rendered":"N\u00e3o-linearidades t\u00edpicas em v\u00e1lvulas"},"content":{"rendered":"<table style=\"width: 100%;\" border=\"1\" cellpadding=\"5\">\n<tbody>\n<tr>\n<td><a href=\"https:\/\/apcmode.com\/?page_id=374\">Retorna para t\u00f3pico anterior<\/a><\/td>\n<td>Conte\u00fado deste t\u00f3pico<br \/>\n&#8211; <a href=\"#histerese\">Conceito de histerese<\/a><br \/>\n&#8211; <a href=\"#agarramento\">Conceito de agarramento<\/a><br \/>\n&#8211; <a href=\"#testehisterese\">Teste de histerese<\/a><br \/>\n&#8211; <a href=\"#testeagarramento\">Teste de agarramento<\/a><br \/>\n&#8211; <a href=\"#projeto\">Considera\u00e7\u00f5es de projeto<\/a><\/td>\n<td><a href=\"https:\/\/apcmode.com\/?page_id=378\">Avan\u00e7a para pr\u00f3ximo t\u00f3pico<\/a><\/td>\n<\/tr>\n<\/tbody>\n<\/table>\n<p>Todo dispositivo que inclui conex\u00f5es internas mec\u00e2nicas (tais como v\u00e1lvulas de controle) apresenta uma n\u00e3o linearidade do tipo <strong id=\"histerese\"><span style=\"color: #0000ff;\">histerese<\/span><\/strong>. O efeito de histerese ocorre quando existe uma folga em um acoplamento mec\u00e2nico e uma mudan\u00e7a no sentido do movimento. O espa\u00e7o existente entre as partes conectadas precisa ser superado para que o movimento reinicie. Dependendo do tamanho destas folgas, a histerese pode ser grande a ponto de comprometer o desempenho de uma malha de controle. Geralmente uma histerese superior a 1% j\u00e1 \u00e9 suficiente para causar sobresinal na resposta \u00e0 mudan\u00e7a de SP e oscila\u00e7\u00e3o em regime estacion\u00e1rio.<\/p>\n<p><img loading=\"lazy\" decoding=\"async\" class=\"alignnone size-full wp-image-1017\" src=\"https:\/\/apcmode.com\/wp-content\/uploads\/2016\/07\/Sem-t\u00edtulo-25.png\" alt=\"Sem t\u00edtulo\" width=\"685\" height=\"277\" srcset=\"https:\/\/apcmode.com\/wp-content\/uploads\/2016\/07\/Sem-t\u00edtulo-25.png 685w, https:\/\/apcmode.com\/wp-content\/uploads\/2016\/07\/Sem-t\u00edtulo-25-300x121.png 300w, https:\/\/apcmode.com\/wp-content\/uploads\/2016\/07\/Sem-t\u00edtulo-25-100x40.png 100w, https:\/\/apcmode.com\/wp-content\/uploads\/2016\/07\/Sem-t\u00edtulo-25-150x61.png 150w, https:\/\/apcmode.com\/wp-content\/uploads\/2016\/07\/Sem-t\u00edtulo-25-200x81.png 200w, https:\/\/apcmode.com\/wp-content\/uploads\/2016\/07\/Sem-t\u00edtulo-25-450x182.png 450w, https:\/\/apcmode.com\/wp-content\/uploads\/2016\/07\/Sem-t\u00edtulo-25-600x243.png 600w\" sizes=\"auto, (max-width: 685px) 100vw, 685px\" \/><\/p>\n<p>Em malha fechada uma v\u00e1lvula com histerese faz com que a resposta seja oscilat\u00f3rio com per\u00edodo crescente, sempre ap\u00f3s uma mudan\u00e7a de SP.<\/p>\n<pre>&nbsp;<img loading=\"lazy\" decoding=\"async\" class=\"alignnone wp-image-1015\" src=\"https:\/\/apcmode.com\/wp-content\/uploads\/2016\/07\/Sem-t\u00edtulo-24.png\" alt=\"Sem t\u00edtulo\" width=\"571\" height=\"198\" srcset=\"https:\/\/apcmode.com\/wp-content\/uploads\/2016\/07\/Sem-t\u00edtulo-24.png 855w, https:\/\/apcmode.com\/wp-content\/uploads\/2016\/07\/Sem-t\u00edtulo-24-300x104.png 300w, https:\/\/apcmode.com\/wp-content\/uploads\/2016\/07\/Sem-t\u00edtulo-24-768x266.png 768w, https:\/\/apcmode.com\/wp-content\/uploads\/2016\/07\/Sem-t\u00edtulo-24-100x35.png 100w, https:\/\/apcmode.com\/wp-content\/uploads\/2016\/07\/Sem-t\u00edtulo-24-150x52.png 150w, https:\/\/apcmode.com\/wp-content\/uploads\/2016\/07\/Sem-t\u00edtulo-24-200x69.png 200w, https:\/\/apcmode.com\/wp-content\/uploads\/2016\/07\/Sem-t\u00edtulo-24-450x156.png 450w, https:\/\/apcmode.com\/wp-content\/uploads\/2016\/07\/Sem-t\u00edtulo-24-600x208.png 600w\" sizes=\"auto, (max-width: 571px) 100vw, 571px\" \/><\/pre>\n<p>J\u00e1 o <span style=\"color: #0000ff;\"><strong id=\"agarramento\">agarramento<\/strong> <\/span>\u00e9 um comportamento n\u00e3o-linear em conseq\u00fc\u00eancia do atrito est\u00e1tico entre conex\u00f5es internas dos dispositivos. Em v\u00e1lvulas pneum\u00e1ticas, por exemplo, um comando de abertura ou fechamento precisa, somente para iniciar um movimento, gerar uma press\u00e3o no diafragma suficiente para vencer as for\u00e7as de atrito entre partes m\u00f3veis, tais como haste e gaxeta. Este aspecto comprometer o desempenho de uma malha de controle gerando oscila\u00e7\u00f5es sustentadas.<\/p>\n<p><img loading=\"lazy\" decoding=\"async\" class=\"alignnone size-full wp-image-1003\" src=\"https:\/\/apcmode.com\/wp-content\/uploads\/2016\/07\/Sem-t\u00edtulo-18.png\" alt=\"Sem t\u00edtulo\" width=\"609\" height=\"202\" srcset=\"https:\/\/apcmode.com\/wp-content\/uploads\/2016\/07\/Sem-t\u00edtulo-18.png 609w, https:\/\/apcmode.com\/wp-content\/uploads\/2016\/07\/Sem-t\u00edtulo-18-300x100.png 300w, https:\/\/apcmode.com\/wp-content\/uploads\/2016\/07\/Sem-t\u00edtulo-18-100x33.png 100w, https:\/\/apcmode.com\/wp-content\/uploads\/2016\/07\/Sem-t\u00edtulo-18-150x50.png 150w, https:\/\/apcmode.com\/wp-content\/uploads\/2016\/07\/Sem-t\u00edtulo-18-200x66.png 200w, https:\/\/apcmode.com\/wp-content\/uploads\/2016\/07\/Sem-t\u00edtulo-18-450x149.png 450w, https:\/\/apcmode.com\/wp-content\/uploads\/2016\/07\/Sem-t\u00edtulo-18-600x199.png 600w\" sizes=\"auto, (max-width: 609px) 100vw, 609px\" \/><\/p>\n<p>A Figura abaixo exemplifica o efeito em uma malha de controle. O sinal de sa\u00edda do controlador CO varia gradativamente na tentativa de corrigir o erro e a v\u00e1lvula n\u00e3o se movimenta at\u00e9 que a for\u00e7a seja suficiente para vencer o atrito est\u00e1tico. Quando isso ocorre a v\u00e1lvula se move bruscamente fazendo com que a PV ultrapasse o valor do setpoint. Este ciclo repete-se indefinidamente resultando na oscila\u00e7\u00e3o com perfil aproximado de uma onda quadrada na PV.&nbsp; A amplitude desta oscila\u00e7\u00e3o depende do percentual de agarramento e ganho est\u00e1tico do processo.<\/p>\n<h3><img loading=\"lazy\" decoding=\"async\" class=\"alignnone wp-image-1020\" src=\"https:\/\/apcmode.com\/wp-content\/uploads\/2016\/07\/Sem-t\u00edtulo-17.png\" alt=\"Sem t\u00edtulo\" width=\"618\" height=\"209\" srcset=\"https:\/\/apcmode.com\/wp-content\/uploads\/2016\/07\/Sem-t\u00edtulo-17.png 851w, https:\/\/apcmode.com\/wp-content\/uploads\/2016\/07\/Sem-t\u00edtulo-17-300x102.png 300w, https:\/\/apcmode.com\/wp-content\/uploads\/2016\/07\/Sem-t\u00edtulo-17-768x260.png 768w, https:\/\/apcmode.com\/wp-content\/uploads\/2016\/07\/Sem-t\u00edtulo-17-100x34.png 100w, https:\/\/apcmode.com\/wp-content\/uploads\/2016\/07\/Sem-t\u00edtulo-17-150x51.png 150w, https:\/\/apcmode.com\/wp-content\/uploads\/2016\/07\/Sem-t\u00edtulo-17-200x68.png 200w, https:\/\/apcmode.com\/wp-content\/uploads\/2016\/07\/Sem-t\u00edtulo-17-450x152.png 450w, https:\/\/apcmode.com\/wp-content\/uploads\/2016\/07\/Sem-t\u00edtulo-17-600x203.png 600w\" sizes=\"auto, (max-width: 618px) 100vw, 618px\" \/><\/h3>\n<hr>\n<h3 id=\"testehisterese\"><span style=\"color: #993300;\">Teste de histerese<\/span><\/h3>\n<p>A histerese de um processo pode ser quantificado com uma sequencia de testes em malha aberta, sendo dois degraus na MV precedidos de um terceiro em sentido oposto. Os degraus devem ter amplitude suficiente para alterar o patamar da PV e tempo suficiente para que a resposta se estabilize.<\/p>\n<ol>\n<li>Modificar a posi\u00e7\u00e3o da v\u00e1lvula (MV) e e aguardar a&nbsp;resposta do processo (PV). Este degrau&nbsp;elimina poss\u00edveis folgas mec\u00e2nicas no sentido do movimento;<\/li>\n<li>Nova mudan\u00e7a na posi\u00e7\u00e3o da&nbsp;v\u00e1lvula (\u0394MV<sub>2<\/sub>) no mesmo sentido. Aguardar a resposta do processo (\u0394PV<sub>2<\/sub>).Este degrau \u00e9 usado para&nbsp;calcular o ganho K processo;<\/li>\n<li>Terceira mudan\u00e7a na posi\u00e7\u00e3o da v\u00e1lvula (\u0394MV<sub>3<\/sub>), por\u00e9m no sentido oposto e aguardar a resposta do processo (\u0394PV<sub>3<\/sub>).&nbsp;A histerese \u00e9 a diferen\u00e7a entre o valor deste \u00faltimo degrau na posi\u00e7\u00e3o da v\u00e1lvula e o valor te\u00f3rico que ela deveria ter se movimentado para gerar a&nbsp;amplitude de varia\u00e7\u00e3o observada na PV.<\/li>\n<\/ol>\n<p><img loading=\"lazy\" decoding=\"async\" class=\"alignnone wp-image-1025\" src=\"https:\/\/apcmode.com\/wp-content\/uploads\/2016\/07\/Capturar-62.png\" alt=\"Capturar\" width=\"355\" height=\"58\" srcset=\"https:\/\/apcmode.com\/wp-content\/uploads\/2016\/07\/Capturar-62.png 428w, https:\/\/apcmode.com\/wp-content\/uploads\/2016\/07\/Capturar-62-300x49.png 300w, https:\/\/apcmode.com\/wp-content\/uploads\/2016\/07\/Capturar-62-100x16.png 100w, https:\/\/apcmode.com\/wp-content\/uploads\/2016\/07\/Capturar-62-150x25.png 150w, https:\/\/apcmode.com\/wp-content\/uploads\/2016\/07\/Capturar-62-200x33.png 200w\" sizes=\"auto, (max-width: 355px) 100vw, 355px\" \/><\/p>\n<p>Exemplo:<\/p>\n<p><img loading=\"lazy\" decoding=\"async\" class=\"alignnone wp-image-1024\" src=\"https:\/\/apcmode.com\/wp-content\/uploads\/2016\/07\/Capturar-61.png\" alt=\"Capturar\" width=\"348\" height=\"250\" srcset=\"https:\/\/apcmode.com\/wp-content\/uploads\/2016\/07\/Capturar-61.png 605w, https:\/\/apcmode.com\/wp-content\/uploads\/2016\/07\/Capturar-61-300x216.png 300w, https:\/\/apcmode.com\/wp-content\/uploads\/2016\/07\/Capturar-61-100x72.png 100w, https:\/\/apcmode.com\/wp-content\/uploads\/2016\/07\/Capturar-61-150x108.png 150w, https:\/\/apcmode.com\/wp-content\/uploads\/2016\/07\/Capturar-61-200x144.png 200w, https:\/\/apcmode.com\/wp-content\/uploads\/2016\/07\/Capturar-61-450x324.png 450w, https:\/\/apcmode.com\/wp-content\/uploads\/2016\/07\/Capturar-61-600x431.png 600w\" sizes=\"auto, (max-width: 348px) 100vw, 348px\" \/><img loading=\"lazy\" decoding=\"async\" class=\"alignnone wp-image-1026\" src=\"https:\/\/apcmode.com\/wp-content\/uploads\/2016\/07\/Capturar-63.png\" alt=\"Capturar\" width=\"405\" height=\"117\" srcset=\"https:\/\/apcmode.com\/wp-content\/uploads\/2016\/07\/Capturar-63.png 519w, https:\/\/apcmode.com\/wp-content\/uploads\/2016\/07\/Capturar-63-300x87.png 300w, https:\/\/apcmode.com\/wp-content\/uploads\/2016\/07\/Capturar-63-100x29.png 100w, https:\/\/apcmode.com\/wp-content\/uploads\/2016\/07\/Capturar-63-150x43.png 150w, https:\/\/apcmode.com\/wp-content\/uploads\/2016\/07\/Capturar-63-200x58.png 200w, https:\/\/apcmode.com\/wp-content\/uploads\/2016\/07\/Capturar-63-450x130.png 450w\" sizes=\"auto, (max-width: 405px) 100vw, 405px\" \/><\/p>\n<hr>\n<h3 id=\"testeagarramento\"><span style=\"color: #993300;\">Teste de agarramento<\/span><\/h3>\n<p>Aplica-se um degrau inicial na posi\u00e7\u00e3o da v\u00e1lvula com amplitude suficiente para causar uma varia\u00e7\u00e3o percept\u00edvel na PV. Em seguida, inicia-se a aplica\u00e7\u00e3o de uma seq\u00fc\u00eancia de pequenos incrementos, no mesmo sentido do degrau inicial, at\u00e9 que seja observada uma nova resposta da PV. O percentual de agarramento \u00e9 o&nbsp;somat\u00f3rio de incrementos realizadas sem que o processo tenha respondido.<\/p>\n<p>No exemplo abaixo o percentual de agarramento est\u00e1 entre 1,5 e 1,8%.<\/p>\n<p><img loading=\"lazy\" decoding=\"async\" class=\"alignnone size-full wp-image-1028\" src=\"https:\/\/apcmode.com\/wp-content\/uploads\/2016\/07\/Sem-t\u00edtulo-26.png\" alt=\"Sem t\u00edtulo\" width=\"615\" height=\"313\" srcset=\"https:\/\/apcmode.com\/wp-content\/uploads\/2016\/07\/Sem-t\u00edtulo-26.png 615w, https:\/\/apcmode.com\/wp-content\/uploads\/2016\/07\/Sem-t\u00edtulo-26-300x153.png 300w, https:\/\/apcmode.com\/wp-content\/uploads\/2016\/07\/Sem-t\u00edtulo-26-100x51.png 100w, https:\/\/apcmode.com\/wp-content\/uploads\/2016\/07\/Sem-t\u00edtulo-26-150x76.png 150w, https:\/\/apcmode.com\/wp-content\/uploads\/2016\/07\/Sem-t\u00edtulo-26-200x102.png 200w, https:\/\/apcmode.com\/wp-content\/uploads\/2016\/07\/Sem-t\u00edtulo-26-450x229.png 450w, https:\/\/apcmode.com\/wp-content\/uploads\/2016\/07\/Sem-t\u00edtulo-26-600x305.png 600w\" sizes=\"auto, (max-width: 615px) 100vw, 615px\" \/><\/p>\n<hr>\n<h3 id=\"projeto\"><span style=\"color: #993300;\">Considera\u00e7\u00f5es de projeto<\/span><\/h3>\n<p>Quando uma v\u00e1lvula \u00e9 dignosticada com agarramento e\/ou histerese excessivos, ent\u00e3o ela deve ser alvo de manuten\u00e7\u00e3o. Mas at\u00e9 que isso ocorra, algumas a\u00e7\u00f5es podem ser tomadas:<\/p>\n<p>Minimizando o efeito de uma&nbsp;histerese&nbsp;excessiva:<\/p>\n<ul>\n<li>Reduzir (ou remover) a a\u00e7\u00e3o proporcional do posicionador<\/li>\n<li>Reduzir a a\u00e7\u00e3o proporcional do controlador PID<\/li>\n<li>Usar um algoritmo no qual o Kc \u00e9 reduzido \u00e0 medida que o erro tende para <i>0 (Zero)<\/i><\/li>\n<\/ul>\n<p>Minimizando o efeito de um&nbsp;agarramento&nbsp;excessivo:<\/p>\n<ul>\n<li>Reduzir (ou remova) a a\u00e7\u00e3o integral do posicionador<\/li>\n<li>Reduzir a a\u00e7\u00e3o integral do controlador PID<\/li>\n<li>Usar um algoritmo no qual a a\u00e7\u00e3o do integrador n\u00e3o \u00e9 calculada enquanto o erro estiver dentro da banda morta<\/li>\n<\/ul>\n","protected":false},"excerpt":{"rendered":"<p>Retorna para t\u00f3pico anterior Conte\u00fado deste t\u00f3pico &#8211; Conceito de histerese &#8211; Conceito de agarramento &#8211; Teste de histerese &#8211; Teste de agarramento &#8211; Considera\u00e7\u00f5es de projeto Avan\u00e7a para pr\u00f3ximo t\u00f3pico Todo dispositivo que inclui conex\u00f5es internas mec\u00e2nicas (tais como &hellip;<\/p>\n<p class=\"read-more\"> <a class=\"more-link\" href=\"https:\/\/apcmode.com\/?page_id=376\"> <span class=\"screen-reader-text\">N\u00e3o-linearidades t\u00edpicas em v\u00e1lvulas<\/span> Read More &raquo;<\/a><\/p>\n","protected":false},"author":1,"featured_media":0,"parent":0,"menu_order":62,"comment_status":"closed","ping_status":"closed","template":"full-width-page.php","meta":{"footnotes":""},"class_list":["post-376","page","type-page","status-publish","hentry"],"_links":{"self":[{"href":"https:\/\/apcmode.com\/index.php?rest_route=\/wp\/v2\/pages\/376","targetHints":{"allow":["GET"]}}],"collection":[{"href":"https:\/\/apcmode.com\/index.php?rest_route=\/wp\/v2\/pages"}],"about":[{"href":"https:\/\/apcmode.com\/index.php?rest_route=\/wp\/v2\/types\/page"}],"author":[{"embeddable":true,"href":"https:\/\/apcmode.com\/index.php?rest_route=\/wp\/v2\/users\/1"}],"replies":[{"embeddable":true,"href":"https:\/\/apcmode.com\/index.php?rest_route=%2Fwp%2Fv2%2Fcomments&post=376"}],"version-history":[{"count":2,"href":"https:\/\/apcmode.com\/index.php?rest_route=\/wp\/v2\/pages\/376\/revisions"}],"predecessor-version":[{"id":1265,"href":"https:\/\/apcmode.com\/index.php?rest_route=\/wp\/v2\/pages\/376\/revisions\/1265"}],"wp:attachment":[{"href":"https:\/\/apcmode.com\/index.php?rest_route=%2Fwp%2Fv2%2Fmedia&parent=376"}],"curies":[{"name":"wp","href":"https:\/\/api.w.org\/{rel}","templated":true}]}}