{"id":372,"date":"2016-07-19T09:06:26","date_gmt":"2016-07-19T12:06:26","guid":{"rendered":"http:\/\/apcmode.com\/?page_id=372"},"modified":"2020-07-04T18:16:24","modified_gmt":"2020-07-04T21:16:24","slug":"tratamento-de-nao-linearidades","status":"publish","type":"page","link":"https:\/\/apcmode.com\/?page_id=372","title":{"rendered":"Tratamento de n\u00e3o-linearidades"},"content":{"rendered":"<table style=\"width: 100%;\" border=\"1\" cellpadding=\"5\">\n<tbody>\n<tr>\n<td><a href=\"https:\/\/apcmode.com\/?page_id=370\">Retorna para t\u00f3pico anterior<\/a><\/td>\n<td><a href=\"https:\/\/apcmode.com\/?page_id=374\">Avan\u00e7a para pr\u00f3ximo t\u00f3pico<\/a><\/td>\n<\/tr>\n<\/tbody>\n<\/table>\n<p>Uma quest\u00e3o pr\u00e1tica na implementa\u00e7\u00e3o de controladores \u00e9 como lidar com n\u00e3o-linearidades e varia\u00e7\u00f5es nos par\u00e2metros do processo, uma vez que as ferramentas de projeto pressup\u00f5em sistemas lineares e com par\u00e2metros invariantes.<\/p>\n","protected":false},"excerpt":{"rendered":"<p>Retorna para t\u00f3pico anterior Avan\u00e7a para pr\u00f3ximo t\u00f3pico Uma quest\u00e3o pr\u00e1tica na implementa\u00e7\u00e3o de controladores \u00e9 como lidar com n\u00e3o-linearidades e varia\u00e7\u00f5es nos par\u00e2metros do processo, uma vez que as ferramentas de projeto pressup\u00f5em sistemas lineares e com par\u00e2metros invariantes.<\/p>\n","protected":false},"author":1,"featured_media":0,"parent":392,"menu_order":60,"comment_status":"closed","ping_status":"closed","template":"full-width-page.php","meta":{"footnotes":""},"class_list":["post-372","page","type-page","status-publish","hentry"],"_links":{"self":[{"href":"https:\/\/apcmode.com\/index.php?rest_route=\/wp\/v2\/pages\/372","targetHints":{"allow":["GET"]}}],"collection":[{"href":"https:\/\/apcmode.com\/index.php?rest_route=\/wp\/v2\/pages"}],"about":[{"href":"https:\/\/apcmode.com\/index.php?rest_route=\/wp\/v2\/types\/page"}],"author":[{"embeddable":true,"href":"https:\/\/apcmode.com\/index.php?rest_route=\/wp\/v2\/users\/1"}],"replies":[{"embeddable":true,"href":"https:\/\/apcmode.com\/index.php?rest_route=%2Fwp%2Fv2%2Fcomments&post=372"}],"version-history":[{"count":2,"href":"https:\/\/apcmode.com\/index.php?rest_route=\/wp\/v2\/pages\/372\/revisions"}],"predecessor-version":[{"id":1261,"href":"https:\/\/apcmode.com\/index.php?rest_route=\/wp\/v2\/pages\/372\/revisions\/1261"}],"up":[{"embeddable":true,"href":"https:\/\/apcmode.com\/index.php?rest_route=\/wp\/v2\/pages\/392"}],"wp:attachment":[{"href":"https:\/\/apcmode.com\/index.php?rest_route=%2Fwp%2Fv2%2Fmedia&parent=372"}],"curies":[{"name":"wp","href":"https:\/\/api.w.org\/{rel}","templated":true}]}}