{"id":368,"date":"2016-07-19T09:06:02","date_gmt":"2016-07-19T12:06:02","guid":{"rendered":"http:\/\/apcmode.com\/?page_id=368"},"modified":"2020-07-04T18:13:44","modified_gmt":"2020-07-04T21:13:44","slug":"associacao-de-atuadores-grosso-fino","status":"publish","type":"page","link":"https:\/\/apcmode.com\/?page_id=368","title":{"rendered":"Associa\u00e7\u00e3o de atuadores Grosso-Fino"},"content":{"rendered":"<table style=\"width: 100%;\" border=\"1\" cellpadding=\"5\">\n<tbody>\n<tr>\n<td><a href=\"https:\/\/apcmode.com\/?page_id=366\">Retorna para t\u00f3pico anterior<\/a><\/td>\n<td>Conte\u00fado deste t\u00f3pico<br \/>\n&#8211; <a href=\"#projeto\">Considera\u00e7\u00f5es de projeto<\/a><\/td>\n<td><a href=\"https:\/\/apcmode.com\/?page_id=364&quot;\">Avan\u00e7a para pr\u00f3ximo t\u00f3pico<\/a><\/td>\n<\/tr>\n<\/tbody>\n<\/table>\n<p>Utilizado para melhorar o desempenho no controle de vaz\u00e3o quando a <em>rangeabilidade<\/em> requerida \u00e9 alta.<\/p>\n<p>A <em>rangeabilidade<\/em> \u00e9 definida como a raz\u00e3o entre o maior e o menor valor de vaz\u00e3o a ser controlado. Por exemplo, uma v\u00e1lvula que controla um fluxo entre 400 e 2000 L\/min, possui rangeabilidade de 5. Infelizmente, quando a <em>rangeabilidade<\/em> cresce, a resolu\u00e7\u00e3o da v\u00e1lvula para pequenos incrementos de vaz\u00e3o decresce.<\/p>\n<p>A estrat\u00e9gia Grosso-Fino (ou Course-Fine) prov\u00ea um aumento na resolu\u00e7\u00e3o, mesmo com uma alta <em>rangeabilidade<\/em> empregando o uso de uma segunda v\u00e1lvula de&nbsp;pequeno porte (<strong>valvP<\/strong>) instalada em paralelo com a v\u00e1lvula de porte maior (<strong>valvR<\/strong>). Assim <strong>valvP<\/strong> prov\u00ea precis\u00e3o, enquanto que <strong>valvR<\/strong> prov\u00ea faixa de atua\u00e7\u00e3o (<em>range<\/em>).<\/p>\n<p>Esta estrat\u00e9gia \u00e9 ilustrada na Figura abaixo. O papel da v\u00e1lvula menor, por ser mais precisa, \u00e9 compensar prontamente as pequenas e r\u00e1pidas perturba\u00e7\u00f5es na vaz\u00e3o. Ela \u00e9 comandada pelo controlador FC, cuja PV \u00e9 a medida de vaz\u00e3o na linha principal e o SP \u00e9 a vaz\u00e3o desejada. Mas este controlador s\u00f3 ir\u00e1 desempenhar seu papel se seu atuador <strong>valvP<\/strong> n\u00e3o estiver saturado. De prefer\u00eancia, sua abertura deve estar em torno de 50%. Esta condi\u00e7\u00e3o \u00e9 garantida pela atua\u00e7\u00e3o de ZC. Este controlador, cuja PV \u00e9 a posi\u00e7\u00e3o de <strong>valvP<\/strong>, manipula&nbsp;a&nbsp;v\u00e1lvula maior &nbsp;<strong>valvR<\/strong> at\u00e9 que a abertura de <strong>valvP<\/strong>&nbsp;atinja o setpoint desejado (50%).<\/p>\n<p><img loading=\"lazy\" decoding=\"async\" class=\"alignnone size-full wp-image-957\" src=\"https:\/\/apcmode.com\/wp-content\/uploads\/2016\/07\/Capturar-37.png\" alt=\"Capturar\" width=\"611\" height=\"387\" srcset=\"https:\/\/apcmode.com\/wp-content\/uploads\/2016\/07\/Capturar-37.png 611w, https:\/\/apcmode.com\/wp-content\/uploads\/2016\/07\/Capturar-37-300x190.png 300w, https:\/\/apcmode.com\/wp-content\/uploads\/2016\/07\/Capturar-37-100x63.png 100w, https:\/\/apcmode.com\/wp-content\/uploads\/2016\/07\/Capturar-37-150x95.png 150w, https:\/\/apcmode.com\/wp-content\/uploads\/2016\/07\/Capturar-37-200x127.png 200w, https:\/\/apcmode.com\/wp-content\/uploads\/2016\/07\/Capturar-37-450x285.png 450w, https:\/\/apcmode.com\/wp-content\/uploads\/2016\/07\/Capturar-37-600x380.png 600w\" sizes=\"auto, (max-width: 611px) 100vw, 611px\" \/><\/p>\n<hr>\n<h3 id=\"projeto\"><span style=\"color: #993300;\">Considera\u00e7\u00f5es de projeto<\/span><\/h3>\n<ol>\n<li>Com os controladores ZC e FC em modo manual, obter um modelo matem\u00e1tico para a vaz\u00e3o da linha a partir da resposta \u00e0 abertura de <strong>valvP<\/strong> (degrau na sa\u00edda de FC). Baseado no modelo obtido, projetar o controlador FC para operar com velocidade m\u00e1xima;<\/li>\n<li>Com o controlador FC em modo autom\u00e1tico e ZC em modo manual, realizar um degrau na sa\u00edda de ZC e registrar o sinal de sa\u00edda de FC. O modelo para projeto de ZC ser\u00e1 obtido a partir da F.T. entre estes dois sinais;<\/li>\n<li>Projetar o controlador ZC como do tipo P (apenas com a\u00e7\u00e3o proporcional). Em rela\u00e7\u00e3o \u00e0 velocidade, apesar de ZC ser uma malha \u201cescrava\u201d de FC, ele deve ser sintonizado pelo menos tr\u00eas vezes mais <strong>lento<\/strong>. Esta invers\u00e3o ocorre porque o papel de ZC n\u00e3o \u00e9 compensar dist\u00farbios, mas apenas ajustar a posi\u00e7\u00e3o de <strong>valvR<\/strong> para que <strong>valvP<\/strong> retorne para o ponto de opera\u00e7\u00e3o de 50%, e isso pode ser feito de forma gradativa.<\/li>\n<\/ol>\n","protected":false},"excerpt":{"rendered":"<p>Retorna para t\u00f3pico anterior Conte\u00fado deste t\u00f3pico &#8211; Considera\u00e7\u00f5es de projeto Avan\u00e7a para pr\u00f3ximo t\u00f3pico Utilizado para melhorar o desempenho no controle de vaz\u00e3o quando a rangeabilidade requerida \u00e9 alta. A rangeabilidade \u00e9 definida como a raz\u00e3o entre o maior &hellip;<\/p>\n<p class=\"read-more\"> <a class=\"more-link\" href=\"https:\/\/apcmode.com\/?page_id=368\"> <span class=\"screen-reader-text\">Associa\u00e7\u00e3o de atuadores Grosso-Fino<\/span> Read More &raquo;<\/a><\/p>\n","protected":false},"author":1,"featured_media":0,"parent":352,"menu_order":58,"comment_status":"closed","ping_status":"closed","template":"full-width-page.php","meta":{"footnotes":""},"class_list":["post-368","page","type-page","status-publish","hentry"],"_links":{"self":[{"href":"https:\/\/apcmode.com\/index.php?rest_route=\/wp\/v2\/pages\/368","targetHints":{"allow":["GET"]}}],"collection":[{"href":"https:\/\/apcmode.com\/index.php?rest_route=\/wp\/v2\/pages"}],"about":[{"href":"https:\/\/apcmode.com\/index.php?rest_route=\/wp\/v2\/types\/page"}],"author":[{"embeddable":true,"href":"https:\/\/apcmode.com\/index.php?rest_route=\/wp\/v2\/users\/1"}],"replies":[{"embeddable":true,"href":"https:\/\/apcmode.com\/index.php?rest_route=%2Fwp%2Fv2%2Fcomments&post=368"}],"version-history":[{"count":2,"href":"https:\/\/apcmode.com\/index.php?rest_route=\/wp\/v2\/pages\/368\/revisions"}],"predecessor-version":[{"id":1255,"href":"https:\/\/apcmode.com\/index.php?rest_route=\/wp\/v2\/pages\/368\/revisions\/1255"}],"up":[{"embeddable":true,"href":"https:\/\/apcmode.com\/index.php?rest_route=\/wp\/v2\/pages\/352"}],"wp:attachment":[{"href":"https:\/\/apcmode.com\/index.php?rest_route=%2Fwp%2Fv2%2Fmedia&parent=368"}],"curies":[{"name":"wp","href":"https:\/\/api.w.org\/{rel}","templated":true}]}}