{"id":360,"date":"2016-07-19T09:03:23","date_gmt":"2016-07-19T12:03:23","guid":{"rendered":"http:\/\/apcmode.com\/?page_id=360"},"modified":"2020-07-04T18:11:53","modified_gmt":"2020-07-04T21:11:53","slug":"controle-de-razao","status":"publish","type":"page","link":"https:\/\/apcmode.com\/?page_id=360","title":{"rendered":"Controle de raz\u00e3o"},"content":{"rendered":"<table style=\"width: 100%;\" border=\"1\" cellpadding=\"5\">\n<tbody>\n<tr>\n<td><a href=\"https:\/\/apcmode.com\/?page_id=358\">Retorna para t\u00f3pico anterior<\/a><\/td>\n<td>Conte\u00fado deste t\u00f3pico<br \/>\n&#8211; <a href=\"#seguidorPV\">Controlador de raz\u00e3o seguidor de PV<\/a><br \/>\n&#8211; <a href=\"#seguidorSP\">Controlador de raz\u00e3o seguidor de SP<\/a><br \/>\n&#8211; <a href=\"http:\/\/seguidorSPcascata\">Controlador de raz\u00e3o seguidor de SP em cascata<\/a><br \/>\n&#8211; <a href=\"#combustao\">Controle de Combust\u00e3o<\/a><br \/>\n&#8211; <a href=\"#projeto\">Considera\u00e7\u00f5es de projeto<\/a><\/td>\n<td><a href=\"https:\/\/apcmode.com\/?page_id=366\">Avan\u00e7a para pr\u00f3ximo t\u00f3pico<\/a><\/td>\n<\/tr>\n<\/tbody>\n<\/table>\n<p>O controle de raz\u00e3o \u00e9 utilizado quando se requer a manuten\u00e7\u00e3o da propor\u00e7\u00e3o entre duas ou mais vari\u00e1veis em um processo. Isso ocorre, por exemplo, em sistemas de combust\u00e3o, onde a rela\u00e7\u00e3o entre fluxos de ar e combust\u00edvel devem respeitar a propor\u00e7\u00e3o estequiom\u00e9trica.<\/p>\n<p>Outros exemplos s\u00e3o processos onde uma propor\u00e7\u00e3o exata de ingredientes ou insumos devem ser adicionados a um tanque de produto. Ou na adi\u00e7\u00e3o de reagentes em reatores.<\/p>\n<p>A seguir s\u00e3o apresentadas algumas modalidades para implementa\u00e7\u00e3o deste tipo de controle:<\/p>\n<hr>\n<h3 id=\"seguidorPV\"><span style=\"color: #993300;\">Controlador de raz\u00e3o seguidor de PV<\/span><\/h3>\n<p>O <em>setpoint<\/em> de uma malha de controle \u00e9 gerado a partir de uma PV externa.&nbsp;Considere, por exemplo, um sistema de controle projetado para manter uma raz\u00e3o R entre a vaz\u00e3o B e a vaz\u00e3o A. No projeto do tipo \u201cSeguidor de PV\u201d, uma das vaz\u00f5es ir\u00e1 seguir proporcionalmente a outra, neste caso a vaz\u00e3o B ir\u00e1 seguir a vaz\u00e3o A.<\/p>\n<p>A maneira correta de fazer esta implementa\u00e7\u00e3o \u00e9 manipular o SP do controle de vaz\u00e3o do ingrediente B em fun\u00e7\u00e3o da raz\u00e3o desejada multiplicada pela vaz\u00e3o medida do ingrediente A.<\/p>\n<p><img loading=\"lazy\" decoding=\"async\" class=\"alignnone size-full wp-image-966\" src=\"https:\/\/apcmode.com\/wp-content\/uploads\/2016\/07\/Sem-t\u00edtulo-14.png\" alt=\"Sem t\u00edtulo\" width=\"712\" height=\"480\" srcset=\"https:\/\/apcmode.com\/wp-content\/uploads\/2016\/07\/Sem-t\u00edtulo-14.png 712w, https:\/\/apcmode.com\/wp-content\/uploads\/2016\/07\/Sem-t\u00edtulo-14-300x202.png 300w, https:\/\/apcmode.com\/wp-content\/uploads\/2016\/07\/Sem-t\u00edtulo-14-100x67.png 100w, https:\/\/apcmode.com\/wp-content\/uploads\/2016\/07\/Sem-t\u00edtulo-14-150x101.png 150w, https:\/\/apcmode.com\/wp-content\/uploads\/2016\/07\/Sem-t\u00edtulo-14-200x135.png 200w, https:\/\/apcmode.com\/wp-content\/uploads\/2016\/07\/Sem-t\u00edtulo-14-450x303.png 450w, https:\/\/apcmode.com\/wp-content\/uploads\/2016\/07\/Sem-t\u00edtulo-14-600x404.png 600w\" sizes=\"auto, (max-width: 712px) 100vw, 712px\" \/><\/p>\n<p><a href=\"#projeto\">Ver considera\u00e7\u00f5es de projeto<\/a>.<\/p>\n<p><img loading=\"lazy\" decoding=\"async\" class=\"alignnone size-full wp-image-967\" src=\"https:\/\/apcmode.com\/wp-content\/uploads\/2016\/07\/Capturar-42.png\" alt=\"Capturar\" width=\"831\" height=\"545\" srcset=\"https:\/\/apcmode.com\/wp-content\/uploads\/2016\/07\/Capturar-42.png 831w, https:\/\/apcmode.com\/wp-content\/uploads\/2016\/07\/Capturar-42-300x197.png 300w, https:\/\/apcmode.com\/wp-content\/uploads\/2016\/07\/Capturar-42-768x504.png 768w, https:\/\/apcmode.com\/wp-content\/uploads\/2016\/07\/Capturar-42-100x66.png 100w, https:\/\/apcmode.com\/wp-content\/uploads\/2016\/07\/Capturar-42-150x98.png 150w, https:\/\/apcmode.com\/wp-content\/uploads\/2016\/07\/Capturar-42-200x131.png 200w, https:\/\/apcmode.com\/wp-content\/uploads\/2016\/07\/Capturar-42-450x295.png 450w, https:\/\/apcmode.com\/wp-content\/uploads\/2016\/07\/Capturar-42-600x394.png 600w\" sizes=\"auto, (max-width: 831px) 100vw, 831px\" \/><\/p>\n<hr>\n<h3 id=\"seguidorSP\"><span style=\"color: #993300;\">Controlador de raz\u00e3o seguidor de SP<\/span><\/h3>\n<p>Nesta configura\u00e7\u00e3o o setpoint de cada malha \u00e9 calculado como propor\u00e7\u00e3o de um valor de refer\u00eancia comum.&nbsp; Ver Figura 11.<\/p>\n<p><img loading=\"lazy\" decoding=\"async\" class=\"alignnone size-full wp-image-968\" src=\"https:\/\/apcmode.com\/wp-content\/uploads\/2016\/07\/Capturar-43.png\" alt=\"Capturar\" width=\"578\" height=\"428\" srcset=\"https:\/\/apcmode.com\/wp-content\/uploads\/2016\/07\/Capturar-43.png 578w, https:\/\/apcmode.com\/wp-content\/uploads\/2016\/07\/Capturar-43-300x222.png 300w, https:\/\/apcmode.com\/wp-content\/uploads\/2016\/07\/Capturar-43-100x74.png 100w, https:\/\/apcmode.com\/wp-content\/uploads\/2016\/07\/Capturar-43-150x111.png 150w, https:\/\/apcmode.com\/wp-content\/uploads\/2016\/07\/Capturar-43-200x148.png 200w, https:\/\/apcmode.com\/wp-content\/uploads\/2016\/07\/Capturar-43-450x333.png 450w\" sizes=\"auto, (max-width: 578px) 100vw, 578px\" \/><\/p>\n<p><a href=\"#projeto\">Ver considera\u00e7\u00f5es de projeto<\/a><\/p>\n<hr>\n<h3 id=\"seguidorSPcascata\"><span style=\"color: #993300;\">Controlador de raz\u00e3o seguidor de SP em cascata<\/span><\/h3>\n<p>\u00c9 comum associar a estrat\u00e9gia em mestre-escravo com a estrat\u00e9gia de controle em raz\u00e3o.<\/p>\n<p>No exemplo anterior, caso o n\u00edvel tivesse que ser controlado pela vaz\u00e3o de entrada e, ao mesmo tempo, a propor\u00e7\u00e3o das vaz\u00f5es de entrada tivessem que ser mantidas, ent\u00e3o ter\u00edamos a configura\u00e7\u00e3o mostrada abaixo.<\/p>\n<p>ver considera\u00e7\u00f5es de projeto<\/p>\n<p><img loading=\"lazy\" decoding=\"async\" class=\"alignnone size-full wp-image-969\" src=\"https:\/\/apcmode.com\/wp-content\/uploads\/2016\/07\/Capturar-44.png\" alt=\"Capturar\" width=\"667\" height=\"442\" srcset=\"https:\/\/apcmode.com\/wp-content\/uploads\/2016\/07\/Capturar-44.png 667w, https:\/\/apcmode.com\/wp-content\/uploads\/2016\/07\/Capturar-44-300x199.png 300w, https:\/\/apcmode.com\/wp-content\/uploads\/2016\/07\/Capturar-44-100x66.png 100w, https:\/\/apcmode.com\/wp-content\/uploads\/2016\/07\/Capturar-44-150x99.png 150w, https:\/\/apcmode.com\/wp-content\/uploads\/2016\/07\/Capturar-44-200x133.png 200w, https:\/\/apcmode.com\/wp-content\/uploads\/2016\/07\/Capturar-44-450x298.png 450w, https:\/\/apcmode.com\/wp-content\/uploads\/2016\/07\/Capturar-44-600x398.png 600w\" sizes=\"auto, (max-width: 667px) 100vw, 667px\" \/><\/p>\n<hr>\n<h3 id=\"combustao\"><span style=\"color: #993300;\"><strong>Controle de Combust\u00e3o<\/strong><\/span><\/h3>\n<p>O papel de uma estrat\u00e9gia para controle de combust\u00e3o \u00e9 atender a demanda t\u00e9rmica requerida por um controle principal e, ao mesmo tempo, manter a propor\u00e7\u00e3o correta nas vaz\u00f5es de ar e combust\u00edvel. A demanda t\u00e9rmica \u00e9 normalmente o sinal de sa\u00edda de um controlador de temperatura. Este sinal \u00e9 enviado para as malhas escravas de vaz\u00e3o que operam numa estrat\u00e9gia de controle em raz\u00e3o.<\/p>\n<p>No controle de raz\u00e3o, excesso de ar na propor\u00e7\u00e3o ar\/g\u00e1s significa perda no rendimento t\u00e9rmico. J\u00e1 o excesso de g\u00e1s \u00e9 um problema mais grave, pois apresenta risco \u00e0 seguran\u00e7a.<\/p>\n<h4><strong>G\u00e1s seguindo Ar<\/strong><\/h4>\n<p>A sa\u00edda do controlador de temperatura TIC101 \u00e9 setpoint para o controlador de vaz\u00e3o de ar FIC103, enquanto que o setpoint do g\u00e1s \u00e9 obtido pela propor\u00e7\u00e3o G\u00e1s\/Ar (R).<\/p>\n<p>Na queda de demanda t\u00e9rmica (diminui\u00e7\u00e3o das vaz\u00f5es), h\u00e1 uma tend\u00eancia de haver excesso de g\u00e1s, j\u00e1 que primeiro o ar ir\u00e1 diminuir, tendo a vaz\u00e3o de g\u00e1s como seu seguidor.<\/p>\n<p><img loading=\"lazy\" decoding=\"async\" class=\"alignnone size-full wp-image-972\" src=\"https:\/\/apcmode.com\/wp-content\/uploads\/2016\/07\/Capturar-45.png\" alt=\"Capturar\" width=\"450\" height=\"398\" srcset=\"https:\/\/apcmode.com\/wp-content\/uploads\/2016\/07\/Capturar-45.png 450w, https:\/\/apcmode.com\/wp-content\/uploads\/2016\/07\/Capturar-45-300x265.png 300w, https:\/\/apcmode.com\/wp-content\/uploads\/2016\/07\/Capturar-45-100x88.png 100w, https:\/\/apcmode.com\/wp-content\/uploads\/2016\/07\/Capturar-45-150x133.png 150w, https:\/\/apcmode.com\/wp-content\/uploads\/2016\/07\/Capturar-45-200x177.png 200w\" sizes=\"auto, (max-width: 450px) 100vw, 450px\" \/><\/p>\n<h4><strong>Ar seguindo G\u00e1s<\/strong><\/h4>\n<p>A sa\u00edda do controlador de temperatura TIC101 \u00e9 setpoint para o controlador de vaz\u00e3o de g\u00e1s FIC102, enquanto que o setpoint do ar \u00e9 obtido pela propor\u00e7\u00e3o Ar\/G\u00e1s (R).<\/p>\n<p>No aumento da demanda t\u00e9rmica (aumento das vaz\u00f5es), h\u00e1 uma tend\u00eancia de haver novamente excesso de g\u00e1s, j\u00e1 que primeiro o g\u00e1s ir\u00e1 crescer, tendo a vaz\u00e3o de ar como seu seguidor.<\/p>\n<p><img loading=\"lazy\" decoding=\"async\" class=\"alignnone size-full wp-image-974\" src=\"https:\/\/apcmode.com\/wp-content\/uploads\/2016\/07\/Capturar-46.png\" alt=\"Capturar\" width=\"433\" height=\"402\" srcset=\"https:\/\/apcmode.com\/wp-content\/uploads\/2016\/07\/Capturar-46.png 433w, https:\/\/apcmode.com\/wp-content\/uploads\/2016\/07\/Capturar-46-300x279.png 300w, https:\/\/apcmode.com\/wp-content\/uploads\/2016\/07\/Capturar-46-100x93.png 100w, https:\/\/apcmode.com\/wp-content\/uploads\/2016\/07\/Capturar-46-150x139.png 150w, https:\/\/apcmode.com\/wp-content\/uploads\/2016\/07\/Capturar-46-200x186.png 200w\" sizes=\"auto, (max-width: 433px) 100vw, 433px\" \/><\/p>\n<h4><strong>Limites Cruzados<\/strong><\/h4>\n<p>O limite cruzado faz com que o sistema <strong>privilegie o excesso de ar nos regimes transit\u00f3rios<\/strong>: Em demandas crescentes o g\u00e1s segue o ar, e em demandas decrescentes, o inverso.<\/p>\n<p>O set-point de Ar \u00e9 obtido como sendo o maior sinal entre a demanda e o valor solicitado pelo g\u00e1s; O set-point de G\u00e1s \u00e9 obtido como o menor valor entre a demanda e o solicitado pelo Ar.<\/p>\n<p><img loading=\"lazy\" decoding=\"async\" class=\"alignnone size-full wp-image-975\" src=\"https:\/\/apcmode.com\/wp-content\/uploads\/2016\/07\/Capturar-47.png\" alt=\"Capturar\" width=\"449\" height=\"503\" srcset=\"https:\/\/apcmode.com\/wp-content\/uploads\/2016\/07\/Capturar-47.png 449w, https:\/\/apcmode.com\/wp-content\/uploads\/2016\/07\/Capturar-47-268x300.png 268w, https:\/\/apcmode.com\/wp-content\/uploads\/2016\/07\/Capturar-47-100x112.png 100w, https:\/\/apcmode.com\/wp-content\/uploads\/2016\/07\/Capturar-47-150x168.png 150w, https:\/\/apcmode.com\/wp-content\/uploads\/2016\/07\/Capturar-47-200x224.png 200w, https:\/\/apcmode.com\/wp-content\/uploads\/2016\/07\/Capturar-47-300x336.png 300w\" sizes=\"auto, (max-width: 449px) 100vw, 449px\" \/><\/p>\n<h4><strong>Duplo Limites Cruzados<\/strong><\/h4>\n<p>O Limite cruzado duplo <strong>garante a raz\u00e3o ar\/g\u00e1s em detrimento de qualquer outro requisito<\/strong>, inclusive na falha ou falta de algum deles. Enquanto a demanda (sa\u00edda do TIC) estiver entre as necessidades cruzadas +k e \u2013k ela \u00e9 setpoint para ambos os controladores de vaz\u00e3o.<\/p>\n<p>Se uma das malhas \u201cagarra\u201d, a outra deixa de seguir o SP, e tamb\u00e9m fica \u201cagarrada\u201d nos limites, garantindo a propor\u00e7\u00e3o ar\/g\u00e1s.<\/p>\n<p><img loading=\"lazy\" decoding=\"async\" class=\"alignnone size-full wp-image-976\" src=\"https:\/\/apcmode.com\/wp-content\/uploads\/2016\/07\/Capturar-48.png\" alt=\"Capturar\" width=\"459\" height=\"536\" srcset=\"https:\/\/apcmode.com\/wp-content\/uploads\/2016\/07\/Capturar-48.png 459w, https:\/\/apcmode.com\/wp-content\/uploads\/2016\/07\/Capturar-48-257x300.png 257w, https:\/\/apcmode.com\/wp-content\/uploads\/2016\/07\/Capturar-48-100x117.png 100w, https:\/\/apcmode.com\/wp-content\/uploads\/2016\/07\/Capturar-48-150x175.png 150w, https:\/\/apcmode.com\/wp-content\/uploads\/2016\/07\/Capturar-48-200x234.png 200w, https:\/\/apcmode.com\/wp-content\/uploads\/2016\/07\/Capturar-48-300x350.png 300w, https:\/\/apcmode.com\/wp-content\/uploads\/2016\/07\/Capturar-48-450x525.png 450w\" sizes=\"auto, (max-width: 459px) 100vw, 459px\" \/><\/p>\n<p><em>Considera\u00e7\u00f5es de projeto:<\/em><\/p>\n<p>&#8211; Nas estrat\u00e9gias de Limites Cruzados e Duplo Limites Cruzados as malhas de vaz\u00f5es devem ter a mesma velocidade.<\/p>\n<p>&#8211; A malha mestre (temperatura) devem ser pelo menos 3 vezes mais lenta<\/p>\n<p>&#8211; O limites de liberdade (+k e \u2013k) influem na&nbsp; velocidade de resposta da cascata. Quanto maior o valor \u201ck\u201d, maior \u00e9 a folga para as malhas escravas variarem, por\u00e9m a propor\u00e7\u00e3o \u00e9 menos atendida.<\/p>\n<hr>\n<h3 id=\"projeto\"><span style=\"color: #993300;\">Considera\u00e7\u00f5es de projeto<\/span><\/h3>\n<ul>\n<li><span style=\"color: #000000;\">Seguidor de PV<\/span>\n<ul>\n<li>A malha seguidora deve ser pelo menos 3 vezes <u>mais r\u00e1pida<\/u>&nbsp;. Isso garante que a propor\u00e7\u00e3o ser\u00e1 atendida mesmo durante transit\u00f3rios.<\/li>\n<\/ul>\n<\/li>\n<li>Seguidor de&nbsp;SP\n<ul>\n<li>As malhas de controle devem ser projetadas para responder com a mesma velocidade (devem ter a mesma constante de tempo de malha fechada). Isso garante que a raz\u00e3o seja atendida durante transit\u00f3rios (mudan\u00e7as de SP)<\/li>\n<li>A velocidade da malha mais lenta limita a velocidade da malha mais r\u00e1pida.<\/li>\n<\/ul>\n<\/li>\n<li><span style=\"color: #000000;\">Seguidor de SP em cascata<\/span>\n<ol>\n<li>Determinar entre as malhas internas, qual \u00e9 a mais lenta;<\/li>\n<li>Sintonizar agressivamente a malha mais lenta;<\/li>\n<li>Sintonizar as outras malhas internas com a mesma velocidade;<\/li>\n<li>Sintonizar a malha externa com tempo de resposta 3 a 5 vezes&nbsp;maior<\/li>\n<\/ol>\n<\/li>\n<\/ul>\n","protected":false},"excerpt":{"rendered":"<p>Retorna para t\u00f3pico anterior Conte\u00fado deste t\u00f3pico &#8211; Controlador de raz\u00e3o seguidor de PV &#8211; Controlador de raz\u00e3o seguidor de SP &#8211; Controlador de raz\u00e3o seguidor de SP em cascata &#8211; Controle de Combust\u00e3o &#8211; Considera\u00e7\u00f5es de projeto Avan\u00e7a para &hellip;<\/p>\n<p class=\"read-more\"> <a class=\"more-link\" href=\"https:\/\/apcmode.com\/?page_id=360\"> <span class=\"screen-reader-text\">Controle de raz\u00e3o<\/span> Read More &raquo;<\/a><\/p>\n","protected":false},"author":1,"featured_media":0,"parent":352,"menu_order":54,"comment_status":"closed","ping_status":"closed","template":"full-width-page.php","meta":{"footnotes":""},"class_list":["post-360","page","type-page","status-publish","hentry"],"_links":{"self":[{"href":"https:\/\/apcmode.com\/index.php?rest_route=\/wp\/v2\/pages\/360","targetHints":{"allow":["GET"]}}],"collection":[{"href":"https:\/\/apcmode.com\/index.php?rest_route=\/wp\/v2\/pages"}],"about":[{"href":"https:\/\/apcmode.com\/index.php?rest_route=\/wp\/v2\/types\/page"}],"author":[{"embeddable":true,"href":"https:\/\/apcmode.com\/index.php?rest_route=\/wp\/v2\/users\/1"}],"replies":[{"embeddable":true,"href":"https:\/\/apcmode.com\/index.php?rest_route=%2Fwp%2Fv2%2Fcomments&post=360"}],"version-history":[{"count":2,"href":"https:\/\/apcmode.com\/index.php?rest_route=\/wp\/v2\/pages\/360\/revisions"}],"predecessor-version":[{"id":1251,"href":"https:\/\/apcmode.com\/index.php?rest_route=\/wp\/v2\/pages\/360\/revisions\/1251"}],"up":[{"embeddable":true,"href":"https:\/\/apcmode.com\/index.php?rest_route=\/wp\/v2\/pages\/352"}],"wp:attachment":[{"href":"https:\/\/apcmode.com\/index.php?rest_route=%2Fwp%2Fv2%2Fmedia&parent=360"}],"curies":[{"name":"wp","href":"https:\/\/api.w.org\/{rel}","templated":true}]}}