{"id":354,"date":"2016-07-19T09:01:41","date_gmt":"2016-07-19T12:01:41","guid":{"rendered":"http:\/\/apcmode.com\/?page_id=354"},"modified":"2020-07-22T15:40:18","modified_gmt":"2020-07-22T18:40:18","slug":"controle-retroalimentado","status":"publish","type":"page","link":"https:\/\/apcmode.com\/?page_id=354","title":{"rendered":"Controle retroalimentado"},"content":{"rendered":"<table style=\"width: 100%;\" border=\"1\" cellpadding=\"5\">\n<tbody>\n<tr>\n<td><a href=\"https:\/\/apcmode.com\/?page_id=916\">Retorna para t\u00f3pico anterior<\/a><\/td>\n<td><a href=\"https:\/\/apcmode.com\/?page_id=356\">Avan\u00e7a para pr\u00f3ximo t\u00f3pico<\/a><\/td>\n<\/tr>\n<\/tbody>\n<\/table>\n<p>\u00c9 a estrat\u00e9gia mais elementar, constitu\u00edda de um sensor\/transmissor, um controlador e um elemento final de controle, interligados formando um elo de retroalimenta\u00e7\u00e3o.<\/p>\n<p><img loading=\"lazy\" decoding=\"async\" class=\"alignnone wp-image-739\" src=\"https:\/\/apcmode.com\/wp-content\/uploads\/2016\/07\/image005.png\" alt=\"image005\" width=\"550\" height=\"100\" srcset=\"https:\/\/apcmode.com\/wp-content\/uploads\/2016\/07\/image005.png 961w, https:\/\/apcmode.com\/wp-content\/uploads\/2016\/07\/image005-300x55.png 300w, https:\/\/apcmode.com\/wp-content\/uploads\/2016\/07\/image005-768x140.png 768w, https:\/\/apcmode.com\/wp-content\/uploads\/2016\/07\/image005-100x18.png 100w, https:\/\/apcmode.com\/wp-content\/uploads\/2016\/07\/image005-150x27.png 150w, https:\/\/apcmode.com\/wp-content\/uploads\/2016\/07\/image005-200x36.png 200w, https:\/\/apcmode.com\/wp-content\/uploads\/2016\/07\/image005-450x82.png 450w, https:\/\/apcmode.com\/wp-content\/uploads\/2016\/07\/image005-600x109.png 600w, https:\/\/apcmode.com\/wp-content\/uploads\/2016\/07\/image005-900x164.png 900w\" sizes=\"auto, (max-width: 550px) 100vw, 550px\" \/><\/p>\n<p>Esta estrutura \u00e9 suficiente para alcan\u00e7ar erro nulo em regime permanente, por\u00e9m tem desempenho limitado na compensa\u00e7\u00e3o de dist\u00farbios. A a\u00e7\u00e3o compensadora \u00e9 baseada exclusivamente no erro e fica sujeita aos atrasos presentes no elo de retroalimenta\u00e7\u00e3o.<\/p>\n<p><img loading=\"lazy\" decoding=\"async\" class=\"alignnone size-full wp-image-913\" src=\"https:\/\/apcmode.com\/wp-content\/uploads\/2016\/07\/Capturar-25.png\" alt=\"Capturar\" width=\"865\" height=\"257\" srcset=\"https:\/\/apcmode.com\/wp-content\/uploads\/2016\/07\/Capturar-25.png 865w, https:\/\/apcmode.com\/wp-content\/uploads\/2016\/07\/Capturar-25-300x89.png 300w, https:\/\/apcmode.com\/wp-content\/uploads\/2016\/07\/Capturar-25-768x228.png 768w, https:\/\/apcmode.com\/wp-content\/uploads\/2016\/07\/Capturar-25-100x30.png 100w, https:\/\/apcmode.com\/wp-content\/uploads\/2016\/07\/Capturar-25-150x45.png 150w, https:\/\/apcmode.com\/wp-content\/uploads\/2016\/07\/Capturar-25-200x59.png 200w, https:\/\/apcmode.com\/wp-content\/uploads\/2016\/07\/Capturar-25-450x134.png 450w, https:\/\/apcmode.com\/wp-content\/uploads\/2016\/07\/Capturar-25-600x178.png 600w\" sizes=\"auto, (max-width: 865px) 100vw, 865px\" \/><\/p>\n<p id=\"ineficacia\" tabindex=\"-1\">Ver <a href=\"https:\/\/apcmode.com\/?page_id=350#ineficacia\">inefic\u00e1cia do controle retroalimentado no ponto de vista da frequ\u00eancia<\/a><\/p>\n<p>\u00a0<\/p>\n\n\n<p><\/p>\n","protected":false},"excerpt":{"rendered":"<p>Retorna para t\u00f3pico anterior Avan\u00e7a para pr\u00f3ximo t\u00f3pico \u00c9 a estrat\u00e9gia mais elementar, constitu\u00edda de um sensor\/transmissor, um controlador e um elemento final de controle, interligados formando um elo de retroalimenta\u00e7\u00e3o. Esta estrutura \u00e9 suficiente para alcan\u00e7ar erro nulo em &hellip;<\/p>\n<p class=\"read-more\"> <a class=\"more-link\" href=\"https:\/\/apcmode.com\/?page_id=354\"> <span class=\"screen-reader-text\">Controle retroalimentado<\/span> Read More &raquo;<\/a><\/p>\n","protected":false},"author":1,"featured_media":0,"parent":352,"menu_order":51,"comment_status":"closed","ping_status":"closed","template":"full-width-page.php","meta":{"footnotes":""},"class_list":["post-354","page","type-page","status-publish","hentry"],"_links":{"self":[{"href":"https:\/\/apcmode.com\/index.php?rest_route=\/wp\/v2\/pages\/354","targetHints":{"allow":["GET"]}}],"collection":[{"href":"https:\/\/apcmode.com\/index.php?rest_route=\/wp\/v2\/pages"}],"about":[{"href":"https:\/\/apcmode.com\/index.php?rest_route=\/wp\/v2\/types\/page"}],"author":[{"embeddable":true,"href":"https:\/\/apcmode.com\/index.php?rest_route=\/wp\/v2\/users\/1"}],"replies":[{"embeddable":true,"href":"https:\/\/apcmode.com\/index.php?rest_route=%2Fwp%2Fv2%2Fcomments&post=354"}],"version-history":[{"count":3,"href":"https:\/\/apcmode.com\/index.php?rest_route=\/wp\/v2\/pages\/354\/revisions"}],"predecessor-version":[{"id":1345,"href":"https:\/\/apcmode.com\/index.php?rest_route=\/wp\/v2\/pages\/354\/revisions\/1345"}],"up":[{"embeddable":true,"href":"https:\/\/apcmode.com\/index.php?rest_route=\/wp\/v2\/pages\/352"}],"wp:attachment":[{"href":"https:\/\/apcmode.com\/index.php?rest_route=%2Fwp%2Fv2%2Fmedia&parent=354"}],"curies":[{"name":"wp","href":"https:\/\/api.w.org\/{rel}","templated":true}]}}