{"id":344,"date":"2016-07-19T09:00:08","date_gmt":"2016-07-19T12:00:08","guid":{"rendered":"http:\/\/apcmode.com\/?page_id=344"},"modified":"2020-07-04T17:59:12","modified_gmt":"2020-07-04T20:59:12","slug":"a-equacao-pid","status":"publish","type":"page","link":"https:\/\/apcmode.com\/?page_id=344","title":{"rendered":"A equa\u00e7\u00e3o PID"},"content":{"rendered":"<table style=\"width: 100%;\" border=\"1\" cellpadding=\"5\">\n<tbody>\n<tr>\n<td><a href=\"https:\/\/apcmode.com\/?page_id=342\">Retorna para t\u00f3pico anterior<\/a><\/td>\n<td><a href=\"https:\/\/apcmode.com\/?page_id=346\">Avan\u00e7a para pr\u00f3ximo t\u00f3pico<\/a><\/td>\n<\/tr>\n<\/tbody>\n<\/table>\n<p>A Figura 1 mostra a estrutura interna de um controlador PID. Ele \u00e9 constitu\u00eddo por tr\u00eas partes, cada uma representando uma de suas a\u00e7\u00f5es de controle (a\u00e7\u00e3o <strong>P<\/strong>roporcional, a\u00e7\u00e3o <strong>I<\/strong>ntegral e a\u00e7\u00e3o <strong>D<\/strong>erivativa). Todas elas s\u00e3o baseadas no sinal de erro e suas sa\u00eddas s\u00e3o somadas resultando na sa\u00edda de controle (CO).<\/p>\n<p><img loading=\"lazy\" decoding=\"async\" class=\"alignnone size-full wp-image-880\" src=\"https:\/\/apcmode.com\/wp-content\/uploads\/2016\/07\/Capturar-14.png\" alt=\"Capturar\" width=\"449\" height=\"339\" srcset=\"https:\/\/apcmode.com\/wp-content\/uploads\/2016\/07\/Capturar-14.png 449w, https:\/\/apcmode.com\/wp-content\/uploads\/2016\/07\/Capturar-14-300x227.png 300w, https:\/\/apcmode.com\/wp-content\/uploads\/2016\/07\/Capturar-14-100x76.png 100w, https:\/\/apcmode.com\/wp-content\/uploads\/2016\/07\/Capturar-14-150x113.png 150w, https:\/\/apcmode.com\/wp-content\/uploads\/2016\/07\/Capturar-14-200x151.png 200w\" sizes=\"auto, (max-width: 449px) 100vw, 449px\" \/><\/p>\n<p class=\"Texto\">Os controladores comerciais implementam diferentes tipos de algoritmos PID, os mais comuns s\u00e3o: algoritmo S\u00e9rie, algoritmo ISA e o algoritmo Paralelo. A tabela abaixo&nbsp;apresenta a equa\u00e7\u00e3o de cada implementa\u00e7\u00e3o. Todos eles produzem resultados equivalentes, diferindo apenas nos valores dos par\u00e2metros.<\/p>\n<p class=\"Texto\"><img loading=\"lazy\" decoding=\"async\" class=\"alignnone size-full wp-image-882\" src=\"https:\/\/apcmode.com\/wp-content\/uploads\/2016\/07\/Sem-t\u00edtulo-5.png\" alt=\"Sem t\u00edtulo\" width=\"814\" height=\"483\" srcset=\"https:\/\/apcmode.com\/wp-content\/uploads\/2016\/07\/Sem-t\u00edtulo-5.png 814w, https:\/\/apcmode.com\/wp-content\/uploads\/2016\/07\/Sem-t\u00edtulo-5-300x178.png 300w, https:\/\/apcmode.com\/wp-content\/uploads\/2016\/07\/Sem-t\u00edtulo-5-768x456.png 768w, https:\/\/apcmode.com\/wp-content\/uploads\/2016\/07\/Sem-t\u00edtulo-5-100x59.png 100w, https:\/\/apcmode.com\/wp-content\/uploads\/2016\/07\/Sem-t\u00edtulo-5-150x89.png 150w, https:\/\/apcmode.com\/wp-content\/uploads\/2016\/07\/Sem-t\u00edtulo-5-200x119.png 200w, https:\/\/apcmode.com\/wp-content\/uploads\/2016\/07\/Sem-t\u00edtulo-5-450x267.png 450w, https:\/\/apcmode.com\/wp-content\/uploads\/2016\/07\/Sem-t\u00edtulo-5-600x356.png 600w\" sizes=\"auto, (max-width: 814px) 100vw, 814px\" \/><\/p>\n<p class=\"Texto\">A estrutura S\u00e9rie \u00e9 a menos comum. Foi utilizada como forma de simplificar o uso de componentes em controladores pneum\u00e1ticos ou em circuitos eletr\u00f4nicos anal\u00f3gicos. Alguns controladores modernos conservam essa implementa\u00e7\u00e3o por uma quest\u00e3o de compatibilidade.<\/p>\n<p class=\"Texto\">Na estrutura Paralela, as a\u00e7\u00f5es s\u00e3o geradas de forma independente. E, por isso, os par\u00e2metros de sintonia (constantes Kc, Ti e Td) tamb\u00e9m podem ser ajustadas separadamente, facilitando o ajuste por \u201ctentativa e erro\u201d. No entanto a estrutura mais indicada \u00e9 a ISA, tamb\u00e9m conhecida como Ideal. Al\u00e9m de ser uma estrutura padronizada pela ISA e utilizada como base para os m\u00e9todos de sintonia, ela \u00e9 considerada mais segura. Em caso de comportamento inst\u00e1vel, a redu\u00e7\u00e3o&nbsp;do&nbsp;ganho Kc diminui a intensidade das tr\u00eas a\u00e7\u00f5es de controle simultaneamente.<\/p>\n<hr>\n<h3><span style=\"color: #993300;\">A\u00e7\u00e3o Proporcional<\/span><\/h3>\n<p>Produz uma a\u00e7\u00e3o de controle proporcional \u00e0 amplitude do sinal de erro. Um controle apenas com a\u00e7\u00e3o proporcional \u00e9 capaz de reduzir o erro, mas sem elimin\u00e1-lo completamente. Esta a\u00e7\u00e3o \u00e9 ajustada pela constante <strong>Kc<\/strong> (ganho proporcional). Sua equa\u00e7\u00e3o \u00e9:<\/p>\n<p><img loading=\"lazy\" decoding=\"async\" class=\"alignnone size-full wp-image-883\" src=\"https:\/\/apcmode.com\/wp-content\/uploads\/2016\/07\/Capturar-12.png\" alt=\"Capturar\" width=\"294\" height=\"44\" srcset=\"https:\/\/apcmode.com\/wp-content\/uploads\/2016\/07\/Capturar-12.png 294w, https:\/\/apcmode.com\/wp-content\/uploads\/2016\/07\/Capturar-12-100x15.png 100w, https:\/\/apcmode.com\/wp-content\/uploads\/2016\/07\/Capturar-12-150x22.png 150w, https:\/\/apcmode.com\/wp-content\/uploads\/2016\/07\/Capturar-12-200x30.png 200w\" sizes=\"auto, (max-width: 294px) 100vw, 294px\" \/><\/p>\n<p>Alguns&nbsp;fabricantes de CLP, por\u00e9m, utilizam a constante <strong>PB<\/strong> (banda proporcional) para o ajuste desta a\u00e7\u00e3o. Ela oferece uma no\u00e7\u00e3o mais intuitiva e pode ser interpretada como o percentual de erro que leva o controlador a excursionar sua sa\u00edda at\u00e9 seu limite (100%). A rela\u00e7\u00e3o entre Kc e PB \u00e9 mostrada na equa\u00e7\u00e3o a seguir.<\/p>\n<p><img loading=\"lazy\" decoding=\"async\" class=\"alignnone size-full wp-image-885\" src=\"https:\/\/apcmode.com\/wp-content\/uploads\/2016\/07\/Capturar-15.png\" alt=\"Capturar\" width=\"330\" height=\"66\" srcset=\"https:\/\/apcmode.com\/wp-content\/uploads\/2016\/07\/Capturar-15.png 330w, https:\/\/apcmode.com\/wp-content\/uploads\/2016\/07\/Capturar-15-300x60.png 300w, https:\/\/apcmode.com\/wp-content\/uploads\/2016\/07\/Capturar-15-100x20.png 100w, https:\/\/apcmode.com\/wp-content\/uploads\/2016\/07\/Capturar-15-150x30.png 150w, https:\/\/apcmode.com\/wp-content\/uploads\/2016\/07\/Capturar-15-200x40.png 200w\" sizes=\"auto, (max-width: 330px) 100vw, 330px\" \/><\/p>\n<p>A Figura 2 mostra simula\u00e7\u00f5es de resposta \u00e0 mudan\u00e7a de SP (degrau unit\u00e1rio) com um controlador apenas com a\u00e7\u00e3o proporcional em tr\u00eas ajustes (Kc=1, 2 e 4). \u00c0 medida que o ganho \u00e9 aumentado, o erro estacion\u00e1rio se torna menor, por\u00e9m, a resposta fica mais oscilat\u00f3ria.<\/p>\n<p><img loading=\"lazy\" decoding=\"async\" class=\"alignnone size-full wp-image-886\" src=\"https:\/\/apcmode.com\/wp-content\/uploads\/2016\/07\/Capturar-16.png\" alt=\"Capturar\" width=\"606\" height=\"360\" srcset=\"https:\/\/apcmode.com\/wp-content\/uploads\/2016\/07\/Capturar-16.png 606w, https:\/\/apcmode.com\/wp-content\/uploads\/2016\/07\/Capturar-16-300x178.png 300w, https:\/\/apcmode.com\/wp-content\/uploads\/2016\/07\/Capturar-16-100x59.png 100w, https:\/\/apcmode.com\/wp-content\/uploads\/2016\/07\/Capturar-16-150x89.png 150w, https:\/\/apcmode.com\/wp-content\/uploads\/2016\/07\/Capturar-16-200x119.png 200w, https:\/\/apcmode.com\/wp-content\/uploads\/2016\/07\/Capturar-16-450x267.png 450w, https:\/\/apcmode.com\/wp-content\/uploads\/2016\/07\/Capturar-16-600x356.png 600w\" sizes=\"auto, (max-width: 606px) 100vw, 606px\" \/><\/p>\n<hr>\n<h3><span style=\"color: #993300;\">A\u00e7\u00e3o Integral (Reset)<\/span><\/h3>\n<p>Esta a\u00e7\u00e3o \u00e9 a integral do sinal de erro no tempo (equa\u00e7\u00e3o 2, estrutura ISA). \u00c9 usada para eliminar o erro em estado estacion\u00e1rio.<\/p>\n<p><img loading=\"lazy\" decoding=\"async\" class=\"alignnone size-full wp-image-887\" src=\"https:\/\/apcmode.com\/wp-content\/uploads\/2016\/07\/Capturar-17.png\" alt=\"Capturar\" width=\"361\" height=\"64\" srcset=\"https:\/\/apcmode.com\/wp-content\/uploads\/2016\/07\/Capturar-17.png 361w, https:\/\/apcmode.com\/wp-content\/uploads\/2016\/07\/Capturar-17-300x53.png 300w, https:\/\/apcmode.com\/wp-content\/uploads\/2016\/07\/Capturar-17-100x18.png 100w, https:\/\/apcmode.com\/wp-content\/uploads\/2016\/07\/Capturar-17-150x27.png 150w, https:\/\/apcmode.com\/wp-content\/uploads\/2016\/07\/Capturar-17-200x35.png 200w\" sizes=\"auto, (max-width: 361px) 100vw, 361px\" \/><\/p>\n<p>A a\u00e7\u00e3o integral (I) \u00e9 ajustada pela constante Ti (tempo integral). Esta pode ser interpretada como o tempo necess\u00e1rio para a a\u00e7\u00e3o integral repetir a a\u00e7\u00e3o proporcional. Alguns fabricantes de CLP tamb\u00e9m utilizam o termo Ki (ganho&nbsp;integral) no lugar de Ti. A rela\u00e7\u00e3o entre eles \u00e9: Ki=1\/Ti<\/p>\n<p>A Figura 3 mostra simula\u00e7\u00f5es da resposta ao degrau com um controlador com a\u00e7\u00e3o proporcional e integral. Repare que a a\u00e7\u00e3o integral elimina o erro estacion\u00e1rio, mas, \u00e0 medida que o Ti \u00e9 reduzido (a\u00e7\u00e3o \u00e9 incrementada), aumenta-se a presen\u00e7a de oscila\u00e7\u00e3o.<\/p>\n<p><img loading=\"lazy\" decoding=\"async\" class=\"alignnone size-full wp-image-888\" src=\"https:\/\/apcmode.com\/wp-content\/uploads\/2016\/07\/Capturar-18.png\" alt=\"Capturar\" width=\"666\" height=\"341\" srcset=\"https:\/\/apcmode.com\/wp-content\/uploads\/2016\/07\/Capturar-18.png 666w, https:\/\/apcmode.com\/wp-content\/uploads\/2016\/07\/Capturar-18-300x154.png 300w, https:\/\/apcmode.com\/wp-content\/uploads\/2016\/07\/Capturar-18-100x51.png 100w, https:\/\/apcmode.com\/wp-content\/uploads\/2016\/07\/Capturar-18-150x77.png 150w, https:\/\/apcmode.com\/wp-content\/uploads\/2016\/07\/Capturar-18-200x102.png 200w, https:\/\/apcmode.com\/wp-content\/uploads\/2016\/07\/Capturar-18-450x230.png 450w, https:\/\/apcmode.com\/wp-content\/uploads\/2016\/07\/Capturar-18-600x307.png 600w\" sizes=\"auto, (max-width: 666px) 100vw, 666px\" \/><\/p>\n<hr>\n<h3><span style=\"color: #993300;\">A\u00e7\u00e3o Derivativa<\/span><\/h3>\n<p>Esta a\u00e7\u00e3o de controle gera uma sa\u00edda proporcional \u00e0 taxa de varia\u00e7\u00e3o do erro (equa\u00e7\u00e3o 3, estrutura ISA) e assim \u00e9 capaz de antecipar varia\u00e7\u00f5es na vari\u00e1vel de processo.<\/p>\n<p><img loading=\"lazy\" decoding=\"async\" class=\"alignnone size-full wp-image-889\" src=\"https:\/\/apcmode.com\/wp-content\/uploads\/2016\/07\/Capturar-19.png\" alt=\"Capturar\" width=\"390\" height=\"69\" srcset=\"https:\/\/apcmode.com\/wp-content\/uploads\/2016\/07\/Capturar-19.png 390w, https:\/\/apcmode.com\/wp-content\/uploads\/2016\/07\/Capturar-19-300x53.png 300w, https:\/\/apcmode.com\/wp-content\/uploads\/2016\/07\/Capturar-19-100x18.png 100w, https:\/\/apcmode.com\/wp-content\/uploads\/2016\/07\/Capturar-19-150x27.png 150w, https:\/\/apcmode.com\/wp-content\/uploads\/2016\/07\/Capturar-19-200x35.png 200w\" sizes=\"auto, (max-width: 390px) 100vw, 390px\" \/><\/p>\n<p>A a\u00e7\u00e3o derivativa (D) \u00e9 ajustada pela constante T<sub>D<\/sub> (tempo derivativo) ou K<sub>D<\/sub> (ganho&nbsp;derivativo) e pode ser interpretada como o tempo na qual a a\u00e7\u00e3o derivativa antecipa a a\u00e7\u00e3o proporcional. Se, por exemplo, o erro apresenta uma taxa de varia\u00e7\u00e3o de 2%\/segundo, Kc=2 e Td=10 segundos, ent\u00e3o, ap\u00f3s 10 segundos, teremos um erro de 20%, e uma varia\u00e7\u00e3o na a\u00e7\u00e3o proporcional de 40% (2 * erro). A a\u00e7\u00e3o derivativa gera os mesmos 40% de varia\u00e7\u00e3o na sa\u00edda, por\u00e9m com 10 segundos de anteced\u00eancia.<\/p>\n<p>A Figura 4 mostra uma simula\u00e7\u00e3o de uma resposta ao degrau com a\u00e7\u00e3o derivativa. Repare que o uso indevido desta a\u00e7\u00e3o pode levar a um comportamento inst\u00e1vel em malha fechada.<\/p>\n<p>A contribui\u00e7\u00e3o da a\u00e7\u00e3o derivativa pode ser explicada pelo fato dela compensar parte do atraso inserido pela a\u00e7\u00e3o integral, o que possibilita melhorar o desempenho da malha. A desvantagem de seu uso, por\u00e9m, \u00e9 que o controlador se torna bastante sens\u00edvel a ru\u00eddos.<\/p>\n<p><img loading=\"lazy\" decoding=\"async\" class=\"alignnone size-full wp-image-890\" src=\"https:\/\/apcmode.com\/wp-content\/uploads\/2016\/07\/Capturar-20.png\" alt=\"Capturar\" width=\"682\" height=\"376\" srcset=\"https:\/\/apcmode.com\/wp-content\/uploads\/2016\/07\/Capturar-20.png 682w, https:\/\/apcmode.com\/wp-content\/uploads\/2016\/07\/Capturar-20-300x165.png 300w, https:\/\/apcmode.com\/wp-content\/uploads\/2016\/07\/Capturar-20-100x55.png 100w, https:\/\/apcmode.com\/wp-content\/uploads\/2016\/07\/Capturar-20-150x83.png 150w, https:\/\/apcmode.com\/wp-content\/uploads\/2016\/07\/Capturar-20-200x110.png 200w, https:\/\/apcmode.com\/wp-content\/uploads\/2016\/07\/Capturar-20-450x248.png 450w, https:\/\/apcmode.com\/wp-content\/uploads\/2016\/07\/Capturar-20-600x331.png 600w\" sizes=\"auto, (max-width: 682px) 100vw, 682px\" \/><\/p>\n<h3><span style=\"color: #993300;\">Resumo<\/span><\/h3>\n<p><img loading=\"lazy\" decoding=\"async\" class=\"alignnone size-full wp-image-891\" src=\"https:\/\/apcmode.com\/wp-content\/uploads\/2016\/07\/Sem-t\u00edtulo-7.png\" alt=\"Sem t\u00edtulo\" width=\"841\" height=\"736\" srcset=\"https:\/\/apcmode.com\/wp-content\/uploads\/2016\/07\/Sem-t\u00edtulo-7.png 841w, https:\/\/apcmode.com\/wp-content\/uploads\/2016\/07\/Sem-t\u00edtulo-7-300x263.png 300w, https:\/\/apcmode.com\/wp-content\/uploads\/2016\/07\/Sem-t\u00edtulo-7-768x672.png 768w, https:\/\/apcmode.com\/wp-content\/uploads\/2016\/07\/Sem-t\u00edtulo-7-100x88.png 100w, https:\/\/apcmode.com\/wp-content\/uploads\/2016\/07\/Sem-t\u00edtulo-7-150x131.png 150w, https:\/\/apcmode.com\/wp-content\/uploads\/2016\/07\/Sem-t\u00edtulo-7-200x175.png 200w, https:\/\/apcmode.com\/wp-content\/uploads\/2016\/07\/Sem-t\u00edtulo-7-450x394.png 450w, https:\/\/apcmode.com\/wp-content\/uploads\/2016\/07\/Sem-t\u00edtulo-7-600x525.png 600w\" sizes=\"auto, (max-width: 841px) 100vw, 841px\" \/><\/p>\n","protected":false},"excerpt":{"rendered":"<p>Retorna para t\u00f3pico anterior Avan\u00e7a para pr\u00f3ximo t\u00f3pico A Figura 1 mostra a estrutura interna de um controlador PID. Ele \u00e9 constitu\u00eddo por tr\u00eas partes, cada uma representando uma de suas a\u00e7\u00f5es de controle (a\u00e7\u00e3o Proporcional, a\u00e7\u00e3o Integral e a\u00e7\u00e3o &hellip;<\/p>\n<p class=\"read-more\"> <a class=\"more-link\" href=\"https:\/\/apcmode.com\/?page_id=344\"> <span class=\"screen-reader-text\">A equa\u00e7\u00e3o PID<\/span> Read More &raquo;<\/a><\/p>\n","protected":false},"author":1,"featured_media":0,"parent":340,"menu_order":42,"comment_status":"closed","ping_status":"closed","template":"full-width-page.php","meta":{"footnotes":""},"class_list":["post-344","page","type-page","status-publish","hentry"],"_links":{"self":[{"href":"https:\/\/apcmode.com\/index.php?rest_route=\/wp\/v2\/pages\/344","targetHints":{"allow":["GET"]}}],"collection":[{"href":"https:\/\/apcmode.com\/index.php?rest_route=\/wp\/v2\/pages"}],"about":[{"href":"https:\/\/apcmode.com\/index.php?rest_route=\/wp\/v2\/types\/page"}],"author":[{"embeddable":true,"href":"https:\/\/apcmode.com\/index.php?rest_route=\/wp\/v2\/users\/1"}],"replies":[{"embeddable":true,"href":"https:\/\/apcmode.com\/index.php?rest_route=%2Fwp%2Fv2%2Fcomments&post=344"}],"version-history":[{"count":2,"href":"https:\/\/apcmode.com\/index.php?rest_route=\/wp\/v2\/pages\/344\/revisions"}],"predecessor-version":[{"id":1226,"href":"https:\/\/apcmode.com\/index.php?rest_route=\/wp\/v2\/pages\/344\/revisions\/1226"}],"up":[{"embeddable":true,"href":"https:\/\/apcmode.com\/index.php?rest_route=\/wp\/v2\/pages\/340"}],"wp:attachment":[{"href":"https:\/\/apcmode.com\/index.php?rest_route=%2Fwp%2Fv2%2Fmedia&parent=344"}],"curies":[{"name":"wp","href":"https:\/\/api.w.org\/{rel}","templated":true}]}}