{"id":342,"date":"2016-07-19T08:59:36","date_gmt":"2016-07-19T11:59:36","guid":{"rendered":"http:\/\/apcmode.com\/?page_id=342"},"modified":"2020-07-04T17:59:49","modified_gmt":"2020-07-04T20:59:49","slug":"metodologia-de-projeto","status":"publish","type":"page","link":"https:\/\/apcmode.com\/?page_id=342","title":{"rendered":"Etapas de projeto"},"content":{"rendered":"<table style=\"width: 100%;\" border=\"1\" cellpadding=\"5\">\n<tbody>\n<tr>\n<td><a href=\"https:\/\/apcmode.com\/?page_id=338\">Retorna para t\u00f3pico anterior<\/a><\/td>\n<td><a href=\"https:\/\/apcmode.com\/?page_id=344\">Avan\u00e7a para pr\u00f3ximo t\u00f3pico<\/a><\/td>\n<\/tr>\n<\/tbody>\n<\/table>\n<p class=\"Texto\">O projeto de um controlador consiste em&nbsp;encontrar uma &#8220;lei de controle&#8221; adequada para satisfazer os <a href=\"https:\/\/apcmode.com\/aulas\/controle-automatico-de-processos\/avaliacao-de-desempenho\/\">crit\u00e9rios de desempenho<\/a> e que respeite as restri\u00e7\u00f5es impostas a manipula\u00e7\u00e3o do processo (custo do controle). Quando o controlador \u00e9 um mecanismo de processamento de sinais, esta &#8220;lei de controle&#8221; corresponde a um algoritmo contendo equa\u00e7\u00f5es matem\u00e1ticas.<\/p>\n<p class=\"Texto\">Em processos industriais, o algoritmo mais utilizado \u00e9 o<a href=\"https:\/\/apcmode.com\/aulas\/controle-pid\/a-equacao-pid\/\"> controlador Proporcional-Integral-Derivativo (PID)<\/a>. \u00c9 t\u00e3o popular que se tornou um padr\u00e3o ISA e est\u00e1 dispon\u00edvel para uso em praticamente todos os sistemas&nbsp;de automa\u00e7\u00e3o industriais.<\/p>\n<p class=\"Texto\">Uma vez que a estrutura do controlador j\u00e1 est\u00e1 previamente definida, apenas os par\u00e2metros internos necessitam ser ajustados. Chamamos este procedimento de <strong><span style=\"color: #0000ff;\">sintonia&nbsp;do controlador<\/span><\/strong>. No caso do&nbsp;PID, devem ser ajustados os&nbsp;ganhos de cada uma das 3 a\u00e7\u00f5es, e alguns outros fatores dependendo do algoritmo implementado.<\/p>\n<p class=\"Texto\">Em projeto baseado em modelo, as etapas s\u00e3o:<\/p>\n<ol>\n<li>Defini\u00e7\u00e3o do <a href=\"https:\/\/apcmode.com\/aulas\/controle-automatico-de-processos\/objetivos-de-controle\/\">objetivo de controle<\/a> e dos <a href=\"#criterios\">crit\u00e9rios de desempenho<\/a><\/li>\n<li>Obten\u00e7\u00e3o de um modelo matem\u00e1tico que represente o comportamento din\u00e2mico do processo a ser controlado.<\/li>\n<li>Defini\u00e7\u00e3o da estrutura do controlador e ajuste dos par\u00e2metros baseando-se nas informa\u00e7\u00f5es dos itens 1 e 2.<\/li>\n<\/ol>\n<p><img loading=\"lazy\" decoding=\"async\" class=\"alignnone size-full wp-image-902\" src=\"https:\/\/apcmode.com\/wp-content\/uploads\/2016\/07\/Capturar-24.png\" alt=\"Capturar\" width=\"655\" height=\"478\" srcset=\"https:\/\/apcmode.com\/wp-content\/uploads\/2016\/07\/Capturar-24.png 655w, https:\/\/apcmode.com\/wp-content\/uploads\/2016\/07\/Capturar-24-300x219.png 300w, https:\/\/apcmode.com\/wp-content\/uploads\/2016\/07\/Capturar-24-100x73.png 100w, https:\/\/apcmode.com\/wp-content\/uploads\/2016\/07\/Capturar-24-150x109.png 150w, https:\/\/apcmode.com\/wp-content\/uploads\/2016\/07\/Capturar-24-200x146.png 200w, https:\/\/apcmode.com\/wp-content\/uploads\/2016\/07\/Capturar-24-450x328.png 450w, https:\/\/apcmode.com\/wp-content\/uploads\/2016\/07\/Capturar-24-600x438.png 600w\" sizes=\"auto, (max-width: 655px) 100vw, 655px\" \/><\/p>\n<p>Clique na figura abaixo para assistir ao v\u00eddeo com uma demonstra\u00e7\u00e3o de um procedimento de sintonia de controlador<\/p>\n<p><a href=\"https:\/\/apcmode.com\/videos\/videoaula4\/videoaula4.html\"><img loading=\"lazy\" decoding=\"async\" class=\"alignnone wp-image-1130\" src=\"https:\/\/apcmode.com\/wp-content\/uploads\/2016\/07\/Sem-t\u00edtulo-31.png\" alt=\"Sem t\u00edtulo\" width=\"319\" height=\"192\" srcset=\"https:\/\/apcmode.com\/wp-content\/uploads\/2016\/07\/Sem-t\u00edtulo-31.png 655w, https:\/\/apcmode.com\/wp-content\/uploads\/2016\/07\/Sem-t\u00edtulo-31-300x180.png 300w, https:\/\/apcmode.com\/wp-content\/uploads\/2016\/07\/Sem-t\u00edtulo-31-100x60.png 100w, https:\/\/apcmode.com\/wp-content\/uploads\/2016\/07\/Sem-t\u00edtulo-31-150x90.png 150w, https:\/\/apcmode.com\/wp-content\/uploads\/2016\/07\/Sem-t\u00edtulo-31-200x120.png 200w, https:\/\/apcmode.com\/wp-content\/uploads\/2016\/07\/Sem-t\u00edtulo-31-450x271.png 450w, https:\/\/apcmode.com\/wp-content\/uploads\/2016\/07\/Sem-t\u00edtulo-31-600x361.png 600w\" sizes=\"auto, (max-width: 319px) 100vw, 319px\" \/><\/a><a name=\"_Toc281323405\"><\/a><\/p>\n<hr>\n<h3 id=\"criterios\"><span style=\"color: #993300;\">Crit\u00e9rios de desempenho no mapa s<\/span><\/h3>\n<p>Alguns crit\u00e9rios de desempenho comumente utilizados s\u00e3o:<\/p>\n<ul>\n<li>Estabilidade em todas as situa\u00e7\u00f5es operacionais;<\/li>\n<li>Erro de estado estacion\u00e1rio nulo;<\/li>\n<li>Tempo de resposta inferior a um determinado valor (Ts);<\/li>\n<li>Resposta sobreamortecida ou com fator de amortecimento (\u03b6) superior a 0.7.<\/li>\n<\/ul>\n<p>A an\u00e1lise do lugar das ra\u00edzes da equa\u00e7\u00e3o caracter\u00edstica no <em>plano s<\/em> \u00e9 uma forma de observar esses crit\u00e9rios. Para atender ao requisito de estabilidade, \u00e9 necess\u00e1rio que todos os p\u00f3los de malha fechada estejam posicionados <u>\u00e0 esquerda do eixo imagin\u00e1rio<\/u>. Para erro de estado estacion\u00e1rio nulo, \u00e9 necess\u00e1rio que haja pelo menos um <u>p\u00f3lo em zero <\/u>na fun\u00e7\u00e3o de transfer\u00eancia de malha aberta. Para atender ao crit\u00e9rio de tempo de acomoda\u00e7\u00e3o (Ts) \u00e9 necess\u00e1rio que a proje\u00e7\u00e3o dos p\u00f3los no eixo das abscissas esteja afastada do eixo imagin\u00e1rio em uma dist\u00e2ncia pelo menos 5\/Ts. J\u00e1 para o crit\u00e9rio de amortecimento todos os p\u00f3los devem ser <u>reais<\/u> (resposta sobreamortecida) ou devem estar pr\u00f3ximos do eixo real, mais exatamente dentro de uma \u00e1rea compreendida entre duas retas que cruzam a origem com \u00e2ngulos de \u00b1cos<sup>-1<\/sup>(\u03b6).<\/p>\n<p><img loading=\"lazy\" decoding=\"async\" class=\"alignnone wp-image-1138\" src=\"https:\/\/apcmode.com\/wp-content\/uploads\/2016\/07\/Sem-t\u00edtulo-32.png\" alt=\"sem-titulo\" width=\"524\" height=\"338\" srcset=\"https:\/\/apcmode.com\/wp-content\/uploads\/2016\/07\/Sem-t\u00edtulo-32.png 722w, https:\/\/apcmode.com\/wp-content\/uploads\/2016\/07\/Sem-t\u00edtulo-32-300x194.png 300w, https:\/\/apcmode.com\/wp-content\/uploads\/2016\/07\/Sem-t\u00edtulo-32-100x65.png 100w, https:\/\/apcmode.com\/wp-content\/uploads\/2016\/07\/Sem-t\u00edtulo-32-150x97.png 150w, https:\/\/apcmode.com\/wp-content\/uploads\/2016\/07\/Sem-t\u00edtulo-32-200x129.png 200w, https:\/\/apcmode.com\/wp-content\/uploads\/2016\/07\/Sem-t\u00edtulo-32-450x290.png 450w, https:\/\/apcmode.com\/wp-content\/uploads\/2016\/07\/Sem-t\u00edtulo-32-600x387.png 600w\" sizes=\"auto, (max-width: 524px) 100vw, 524px\" \/><\/p>\n<p>Em processos industriais, \u00e9 desej\u00e1vel que a resposta em malha fechada seja sobreamortecidas (com p\u00f3los reais ou pelo menos com \u03b6&gt;0,707), ou que a vari\u00e1vel manipulada apresente no m\u00e1ximo duas revers\u00f5es, especialmente quando o atuador \u00e9 uma v\u00e1lvula de controle com n\u00e3o-linearidades significativas. Al\u00e9m, \u00e9 claro, de uma resposta sem erro de estado estacion\u00e1rio e com um tempo de acomoda\u00e7\u00e3o Ts que atenda ao crit\u00e9rio de velocidade da estrat\u00e9gia utilizada.<\/p>\n","protected":false},"excerpt":{"rendered":"<p>Retorna para t\u00f3pico anterior Avan\u00e7a para pr\u00f3ximo t\u00f3pico O projeto de um controlador consiste em&nbsp;encontrar uma &#8220;lei de controle&#8221; adequada para satisfazer os crit\u00e9rios de desempenho e que respeite as restri\u00e7\u00f5es impostas a manipula\u00e7\u00e3o do processo (custo do controle). Quando &hellip;<\/p>\n<p class=\"read-more\"> <a class=\"more-link\" href=\"https:\/\/apcmode.com\/?page_id=342\"> <span class=\"screen-reader-text\">Etapas de projeto<\/span> Read More &raquo;<\/a><\/p>\n","protected":false},"author":1,"featured_media":0,"parent":340,"menu_order":41,"comment_status":"closed","ping_status":"closed","template":"full-width-page.php","meta":{"footnotes":""},"class_list":["post-342","page","type-page","status-publish","hentry"],"_links":{"self":[{"href":"https:\/\/apcmode.com\/index.php?rest_route=\/wp\/v2\/pages\/342","targetHints":{"allow":["GET"]}}],"collection":[{"href":"https:\/\/apcmode.com\/index.php?rest_route=\/wp\/v2\/pages"}],"about":[{"href":"https:\/\/apcmode.com\/index.php?rest_route=\/wp\/v2\/types\/page"}],"author":[{"embeddable":true,"href":"https:\/\/apcmode.com\/index.php?rest_route=\/wp\/v2\/users\/1"}],"replies":[{"embeddable":true,"href":"https:\/\/apcmode.com\/index.php?rest_route=%2Fwp%2Fv2%2Fcomments&post=342"}],"version-history":[{"count":2,"href":"https:\/\/apcmode.com\/index.php?rest_route=\/wp\/v2\/pages\/342\/revisions"}],"predecessor-version":[{"id":1227,"href":"https:\/\/apcmode.com\/index.php?rest_route=\/wp\/v2\/pages\/342\/revisions\/1227"}],"up":[{"embeddable":true,"href":"https:\/\/apcmode.com\/index.php?rest_route=\/wp\/v2\/pages\/340"}],"wp:attachment":[{"href":"https:\/\/apcmode.com\/index.php?rest_route=%2Fwp%2Fv2%2Fmedia&parent=342"}],"curies":[{"name":"wp","href":"https:\/\/api.w.org\/{rel}","templated":true}]}}