{"id":320,"date":"2016-07-19T08:54:18","date_gmt":"2016-07-19T11:54:18","guid":{"rendered":"http:\/\/apcmode.com\/?page_id=320"},"modified":"2022-03-30T18:29:51","modified_gmt":"2022-03-30T21:29:51","slug":"sinais-e-sistemas","status":"publish","type":"page","link":"https:\/\/apcmode.com\/?page_id=320","title":{"rendered":"Sinais e Sistemas"},"content":{"rendered":"<table style=\"width: 100%;\" border=\"1\" cellpadding=\"5\">\n<tbody>\n<tr>\n<td><a href=\"https:\/\/apcmode.com\/?page_id=318\">Retorna para t\u00f3pico anterior<\/a><\/td>\n<td>Conte\u00fado deste t\u00f3pico<br \/>\n&#8211; <a href=\"#sinalsistema\">Defini\u00e7\u00e3o de <em>sinal<\/em><\/a><br \/>\n&#8211; <a href=\"#sinalsistema\">Defini\u00e7\u00e3o de <em>sistema<\/em><\/a><\/td>\n<td><a href=\"https:\/\/apcmode.com\/?page_id=322\">Avan\u00e7a para pr\u00f3ximo t\u00f3pico<\/a><\/td>\n<\/tr>\n<\/tbody>\n<\/table>\n<h3 id=\"sinalsistema\"><span style=\"color: #993300;\">Defini\u00e7\u00f5es<\/span><\/h3>\n<p>Os temos &#8220;<strong>sistema<\/strong>&#8221; e &#8220;<strong>sinal<\/strong>&#8221; s\u00e3o\u00a0usados na \u00e1rea de controle para designar dois fen\u00f4menos distintos que precisam ser modelados e analisados. Primeiramente, os\u00a0<span style=\"color: #0000ff;\"><em><strong>sinais<\/strong><\/em>\u00a0<\/span>s\u00e3o usados para designar cada uma das grandeza f\u00edsica envolvida em determinado\u00a0fen\u00f4meno e s\u00e3o\u00a0modelados por fun\u00e7\u00f5es matem\u00e1ticas. Um exemplo \u00e9 a temperatura em um ponto particular da sala. Este sinal \u00e9 fun\u00e7\u00e3o do tempo porque a temperatura varia com o tempo. Podemos expressar esta temperatura como:<\/p>\n<p style=\"text-align: left;\"><span style=\"color: #ff0000;\">temperatura em um ponto = \u00b5(t)<\/span><\/p>\n<p>O segundo fen\u00f4meno a ser modelado s\u00e3o os <em><strong><span style=\"color: #0000ff;\">sistemas<\/span> f\u00edsicos<\/strong><\/em> propriamente ditos. \u00a0Estes s\u00e3o representados por equa\u00e7\u00f5es matem\u00e1ticas que estabelecem as rela\u00e7\u00f5es causa-efeito entre as vari\u00e1veis (ou <em>sinais<\/em>).<\/p>\n<p>Para <strong><em><span style=\"color: #0000ff;\">sistemas<\/span> <\/em><\/strong>n\u00e3o-amostrados (de tempo cont\u00ednuo, ou anal\u00f3gicos), s\u00e3o usadas preferencialmente equa\u00e7\u00f5es diferenciais ordin\u00e1rias, j\u00e1 que permitem o uso de um grupo mais extenso de ferramentas de an\u00e1lise e projeto.<\/p>\n<p><img loading=\"lazy\" decoding=\"async\" class=\"alignnone size-full wp-image-515\" src=\"https:\/\/apcmode.com\/wp-content\/uploads\/2016\/07\/fig20f.png\" alt=\"fig20f\" width=\"692\" height=\"451\" srcset=\"https:\/\/apcmode.com\/wp-content\/uploads\/2016\/07\/fig20f.png 692w, https:\/\/apcmode.com\/wp-content\/uploads\/2016\/07\/fig20f-300x196.png 300w, https:\/\/apcmode.com\/wp-content\/uploads\/2016\/07\/fig20f-100x65.png 100w, https:\/\/apcmode.com\/wp-content\/uploads\/2016\/07\/fig20f-150x98.png 150w, https:\/\/apcmode.com\/wp-content\/uploads\/2016\/07\/fig20f-200x130.png 200w, https:\/\/apcmode.com\/wp-content\/uploads\/2016\/07\/fig20f-450x293.png 450w, https:\/\/apcmode.com\/wp-content\/uploads\/2016\/07\/fig20f-600x391.png 600w\" sizes=\"auto, (max-width: 692px) 100vw, 692px\" \/><\/p>\n<p>Para exemplificar, considere o fen\u00f4meno de enchimento de um tanque. As\u00a0vari\u00e1veis\u00a0f\u00edsicas que ser\u00e3o consideradas s\u00e3o: percentual de abertura da v\u00e1lvula, fluxo no duto de entrada, fluxo no duto de sa\u00edda e n\u00edvel do tanque, representados respectivamente pelos <span style=\"color: #0000ff;\"><em><strong>sinais<\/strong><\/em><em><strong>\u00a0<\/strong><\/em><\/span><em>x(t), qe(t), qs(t) <\/em>e<em> h(t).<\/em><\/p>\n<p><img loading=\"lazy\" decoding=\"async\" class=\"wp-image-1438  aligncenter\" src=\"https:\/\/apcmode.com\/wp-content\/uploads\/2022\/03\/sinalesistema_ilustrada-1-300x300.png\" alt=\"\" width=\"513\" height=\"513\" srcset=\"https:\/\/apcmode.com\/wp-content\/uploads\/2022\/03\/sinalesistema_ilustrada-1-300x300.png 300w, https:\/\/apcmode.com\/wp-content\/uploads\/2022\/03\/sinalesistema_ilustrada-1-1024x1024.png 1024w, https:\/\/apcmode.com\/wp-content\/uploads\/2022\/03\/sinalesistema_ilustrada-1-150x150.png 150w, https:\/\/apcmode.com\/wp-content\/uploads\/2022\/03\/sinalesistema_ilustrada-1-768x768.png 768w, https:\/\/apcmode.com\/wp-content\/uploads\/2022\/03\/sinalesistema_ilustrada-1-1536x1536.png 1536w, https:\/\/apcmode.com\/wp-content\/uploads\/2022\/03\/sinalesistema_ilustrada-1-100x100.png 100w, https:\/\/apcmode.com\/wp-content\/uploads\/2022\/03\/sinalesistema_ilustrada-1-200x200.png 200w, https:\/\/apcmode.com\/wp-content\/uploads\/2022\/03\/sinalesistema_ilustrada-1-450x450.png 450w, https:\/\/apcmode.com\/wp-content\/uploads\/2022\/03\/sinalesistema_ilustrada-1-600x600.png 600w, https:\/\/apcmode.com\/wp-content\/uploads\/2022\/03\/sinalesistema_ilustrada-1-900x900.png 900w, https:\/\/apcmode.com\/wp-content\/uploads\/2022\/03\/sinalesistema_ilustrada-1.png 2000w\" sizes=\"auto, (max-width: 513px) 100vw, 513px\" \/><\/p>\n<p>Neste fen\u00f4meno existe uma sequ\u00eancia de eventos\u00a0causa-efeito onde o valor do sinal <em>x(t)<\/em> implica um efeito em <em>qe(t)<\/em>, que por sua vez, \u00e9 causa de\u00a0efeitos em <em>qs(t)<\/em> e <em>h(t)<\/em>. \u00a0Ou seja,\u00a0podemos estabelecer dois sistemas, conforme mostrado a seguir:<\/p>\n<p><img loading=\"lazy\" decoding=\"async\" class=\"alignnone size-full wp-image-445\" src=\"https:\/\/apcmode.com\/wp-content\/uploads\/2016\/07\/fig_20b.png\" alt=\"fig_20b\" width=\"729\" height=\"282\" srcset=\"https:\/\/apcmode.com\/wp-content\/uploads\/2016\/07\/fig_20b.png 729w, https:\/\/apcmode.com\/wp-content\/uploads\/2016\/07\/fig_20b-300x116.png 300w, https:\/\/apcmode.com\/wp-content\/uploads\/2016\/07\/fig_20b-100x39.png 100w, https:\/\/apcmode.com\/wp-content\/uploads\/2016\/07\/fig_20b-150x58.png 150w, https:\/\/apcmode.com\/wp-content\/uploads\/2016\/07\/fig_20b-200x77.png 200w, https:\/\/apcmode.com\/wp-content\/uploads\/2016\/07\/fig_20b-450x174.png 450w, https:\/\/apcmode.com\/wp-content\/uploads\/2016\/07\/fig_20b-600x232.png 600w\" sizes=\"auto, (max-width: 729px) 100vw, 729px\" \/><\/p>\n<p>E, caso o interesse seja o\u00a0estudo direto da rela\u00e7\u00e3o entre <em>x(t)<\/em> e <em>h(t)<\/em> ter\u00edamos ent\u00e3o o seguinte sistema:<\/p>\n<p><img loading=\"lazy\" decoding=\"async\" class=\"alignnone size-full wp-image-448\" src=\"https:\/\/apcmode.com\/wp-content\/uploads\/2016\/07\/fig_20c.png\" alt=\"fig_20c\" width=\"399\" height=\"98\" srcset=\"https:\/\/apcmode.com\/wp-content\/uploads\/2016\/07\/fig_20c.png 399w, https:\/\/apcmode.com\/wp-content\/uploads\/2016\/07\/fig_20c-300x74.png 300w, https:\/\/apcmode.com\/wp-content\/uploads\/2016\/07\/fig_20c-100x25.png 100w, https:\/\/apcmode.com\/wp-content\/uploads\/2016\/07\/fig_20c-150x37.png 150w, https:\/\/apcmode.com\/wp-content\/uploads\/2016\/07\/fig_20c-200x49.png 200w\" sizes=\"auto, (max-width: 399px) 100vw, 399px\" \/><\/p>\n<p>A\u00a0equa\u00e7\u00e3o do\u00a0modelo matem\u00e1tico do sistema S3 pode ser obtida a partir das equa\u00e7\u00f5es dos sistemas S1 e S2.<\/p>\n<p><strong><span style=\"color: #0000ff;\">Em resumo, SINAIS s\u00e3o fun\u00e7\u00f5es matem\u00e1ticas que representa\u00e7\u00f5es a evolu\u00e7\u00e3o temporal de determinadas grandezas f\u00edsicas, enquanto que SISTEMAS s\u00e3o equa\u00e7\u00f5es matem\u00e1ticas que representam a rela\u00e7\u00e3o causa-efeito entre dois ou mais sinais.\u00a0<\/span><\/strong><\/p>\n","protected":false},"excerpt":{"rendered":"<p>Retorna para t\u00f3pico anterior Conte\u00fado deste t\u00f3pico &#8211; Defini\u00e7\u00e3o de sinal &#8211; Defini\u00e7\u00e3o de sistema Avan\u00e7a para pr\u00f3ximo t\u00f3pico Defini\u00e7\u00f5es Os temos &#8220;sistema&#8221; e &#8220;sinal&#8221; s\u00e3o\u00a0usados na \u00e1rea de controle para designar dois fen\u00f4menos distintos que precisam ser modelados e &hellip;<\/p>\n<p class=\"read-more\"> <a class=\"more-link\" href=\"https:\/\/apcmode.com\/?page_id=320\"> <span class=\"screen-reader-text\">Sinais e Sistemas<\/span> Read More &raquo;<\/a><\/p>\n","protected":false},"author":1,"featured_media":0,"parent":392,"menu_order":20,"comment_status":"closed","ping_status":"closed","template":"full-width-page.php","meta":{"footnotes":""},"class_list":["post-320","page","type-page","status-publish","hentry"],"_links":{"self":[{"href":"https:\/\/apcmode.com\/index.php?rest_route=\/wp\/v2\/pages\/320","targetHints":{"allow":["GET"]}}],"collection":[{"href":"https:\/\/apcmode.com\/index.php?rest_route=\/wp\/v2\/pages"}],"about":[{"href":"https:\/\/apcmode.com\/index.php?rest_route=\/wp\/v2\/types\/page"}],"author":[{"embeddable":true,"href":"https:\/\/apcmode.com\/index.php?rest_route=\/wp\/v2\/users\/1"}],"replies":[{"embeddable":true,"href":"https:\/\/apcmode.com\/index.php?rest_route=%2Fwp%2Fv2%2Fcomments&post=320"}],"version-history":[{"count":10,"href":"https:\/\/apcmode.com\/index.php?rest_route=\/wp\/v2\/pages\/320\/revisions"}],"predecessor-version":[{"id":1442,"href":"https:\/\/apcmode.com\/index.php?rest_route=\/wp\/v2\/pages\/320\/revisions\/1442"}],"up":[{"embeddable":true,"href":"https:\/\/apcmode.com\/index.php?rest_route=\/wp\/v2\/pages\/392"}],"wp:attachment":[{"href":"https:\/\/apcmode.com\/index.php?rest_route=%2Fwp%2Fv2%2Fmedia&parent=320"}],"curies":[{"name":"wp","href":"https:\/\/api.w.org\/{rel}","templated":true}]}}