{"id":224,"date":"2016-07-15T17:36:39","date_gmt":"2016-07-15T20:36:39","guid":{"rendered":"http:\/\/apcmode.com\/?page_id=224"},"modified":"2020-07-07T11:18:13","modified_gmt":"2020-07-07T14:18:13","slug":"autores","status":"publish","type":"page","link":"https:\/\/apcmode.com\/?page_id=224","title":{"rendered":"Autores"},"content":{"rendered":"<ul>\n<li>Eng. L\u00facio F\u00e1bio Passos<br \/>\nlucio.passos@gmail.com<br \/>\nDepto Eng. Qu\u00edmica\/UFMG<\/li>\n<\/ul>\n<ul>\n<li>Eng. Paulo Vicente Correa<br \/>\npvcorrea@uol.com.br<br \/>\nL&amp;M &#8211; Engenharia e Servi\u00e7os<\/li>\n<\/ul>\n","protected":false},"excerpt":{"rendered":"<p>Eng. L\u00facio F\u00e1bio Passos lucio.passos@gmail.com Depto Eng. Qu\u00edmica\/UFMG Eng. Paulo Vicente Correa pvcorrea@uol.com.br L&amp;M &#8211; Engenharia e Servi\u00e7os<\/p>\n","protected":false},"author":1,"featured_media":0,"parent":2,"menu_order":4,"comment_status":"closed","ping_status":"closed","template":"full-width-page.php","meta":{"footnotes":""},"class_list":["post-224","page","type-page","status-publish","hentry"],"_links":{"self":[{"href":"https:\/\/apcmode.com\/index.php?rest_route=\/wp\/v2\/pages\/224","targetHints":{"allow":["GET"]}}],"collection":[{"href":"https:\/\/apcmode.com\/index.php?rest_route=\/wp\/v2\/pages"}],"about":[{"href":"https:\/\/apcmode.com\/index.php?rest_route=\/wp\/v2\/types\/page"}],"author":[{"embeddable":true,"href":"https:\/\/apcmode.com\/index.php?rest_route=\/wp\/v2\/users\/1"}],"replies":[{"embeddable":true,"href":"https:\/\/apcmode.com\/index.php?rest_route=%2Fwp%2Fv2%2Fcomments&post=224"}],"version-history":[{"count":2,"href":"https:\/\/apcmode.com\/index.php?rest_route=\/wp\/v2\/pages\/224\/revisions"}],"predecessor-version":[{"id":1334,"href":"https:\/\/apcmode.com\/index.php?rest_route=\/wp\/v2\/pages\/224\/revisions\/1334"}],"up":[{"embeddable":true,"href":"https:\/\/apcmode.com\/index.php?rest_route=\/wp\/v2\/pages\/2"}],"wp:attachment":[{"href":"https:\/\/apcmode.com\/index.php?rest_route=%2Fwp%2Fv2%2Fmedia&parent=224"}],"curies":[{"name":"wp","href":"https:\/\/api.w.org\/{rel}","templated":true}]}}