{"id":2,"date":"2016-05-02T16:17:47","date_gmt":"2016-05-02T19:17:47","guid":{"rendered":"http:\/\/apcmode.com\/?page_id=2"},"modified":"2020-07-05T10:45:37","modified_gmt":"2020-07-05T13:45:37","slug":"simulador","status":"publish","type":"page","link":"https:\/\/apcmode.com\/?page_id=2","title":{"rendered":"Simulador"},"content":{"rendered":"<p>O TDPS \u00e9 uma ferramenta para simula\u00e7\u00e3o de estrat\u00e9gias de controle para fins de ensino e pesquisa. Ela pode ser baixada gratuitamente na <a href=\"https:\/\/apcmode.com\/?page_id=52\">se\u00e7\u00e3o downloads<\/a>. O aplicativo utiliza objetos que reproduzem o funcionamento de controladores do tipo PID, tela sin\u00f3tica, blocos de c\u00e1lculos e registradores gr\u00e1ficos. Tamb\u00e9m possui gerador de sinais e objetos que simulam diversos tipos de sistemas din\u00e2micos. Os resultados da simula\u00e7\u00e3o podem ser arquivados, observados em tempo real ou gerados instantaneamente. O ambiente utiliza blocos funcionais que simulam o comportamento de sistemas din\u00e2micos lineares e n\u00e3o-lineares.<\/p>\n<h2 id=\"tablepress-1-name\" class=\"tablepress-table-name tablepress-table-name-id-1\">Exemplos de Simula\u00e7\u00f5es<\/h2>\n\n<table id=\"tablepress-1\" class=\"tablepress tablepress-id-1\" aria-labelledby=\"tablepress-1-name\">\n<tbody class=\"row-hover\">\n<tr class=\"row-1 odd\">\n\t<td class=\"column-1\"><a href=\"http:\/\/apcmode.com\/wp-content\/uploads\/2016\/07\/screen1.png\"><img loading=\"lazy\" decoding=\"async\" src=\"http:\/\/apcmode.com\/wp-content\/uploads\/2016\/07\/sim1.png\" alt=\"sim1\" width=\"297\" height=\"186\" class=\"alignnone size-full wp-image-37\" \/><\/a><\/td><td class=\"column-2\"><h4><span style=\"color: #0000ff;\">Caldeira Industrial <\/h4><h4>Controle de n\u00edvel do tubul\u00e3o a tr\u00eas elementos; Controle de combust\u00e3o com limites cruzados; Controle de temperatura e vaz\u00e3o do vapor. <\/span><\/h4><\/td>\n<\/tr>\n<tr class=\"row-2 even\">\n\t<td class=\"column-1\"><a href=\"http:\/\/apcmode.com\/wp-content\/uploads\/2016\/07\/screen2.png\"><img loading=\"lazy\" decoding=\"async\" src=\"http:\/\/apcmode.com\/wp-content\/uploads\/2016\/07\/sim2.png\" alt=\"sim2\" width=\"297\" height=\"186\" class=\"alignnone size-full wp-image-37\" \/><\/a><\/td><td class=\"column-2\"><h4><span style=\"color: #0000ff;\">Controle de Condutividade <\/h4><h4>Processo n\u00e3o-linear incluindo bloco de lineariza\u00e7\u00e3o na sa\u00edda do controlador. <\/span><\/h4><\/td>\n<\/tr>\n<tr class=\"row-3 odd\">\n\t<td class=\"column-1\"><a href=\"http:\/\/apcmode.com\/wp-content\/uploads\/2016\/07\/screen3.png\"><img loading=\"lazy\" decoding=\"async\" src=\"http:\/\/apcmode.com\/wp-content\/uploads\/2016\/07\/sim3.png\" alt=\"sim3\" width=\"297\" height=\"186\" class=\"alignnone size-full wp-image-37\" \/><\/a><\/td><td class=\"column-2\"><h4><span style=\"color: #0000ff;\">Controle de Combust\u00e3o <\/h4><h4>Controle de propor\u00e7\u00e3o ar\/g\u00e1s com aplica\u00e7\u00e3o de limites cruzados simples e duplo para seguran\u00e7a contra excesso de g\u00e1s ou de ar. <\/span><\/h4><\/td>\n<\/tr>\n<tr class=\"row-4 even\">\n\t<td class=\"column-1\"><a href=\"http:\/\/apcmode.com\/wp-content\/uploads\/2016\/07\/screen20.png\"><img loading=\"lazy\" decoding=\"async\" src=\"http:\/\/apcmode.com\/wp-content\/uploads\/2016\/07\/sim33.png\" alt=\"sim33\" width=\"297\" height=\"186\" class=\"alignnone size-full wp-image-37\" \/><\/a><\/td><td class=\"column-2\"><h4><span style=\"color: #0000ff;\">Queima com m\u00faltiplos combust\u00edveis <\/h4><h4>Controle da rela\u00e7\u00e3o Ar\/Gas <br \/>\ncom aplica\u00e7\u00e3o de dois <br \/>\ncombust\u00edveis sendo um<br \/>\npreferencial (menor custo, por\u00e9m<br \/>\ncom disponibilidade limitada)<br \/>\ne outro complementar. <\/span><\/h4><\/td>\n<\/tr>\n<tr class=\"row-5 odd\">\n\t<td class=\"column-1\"><a href=\"http:\/\/apcmode.com\/wp-content\/uploads\/2016\/07\/screen4.png\"><img loading=\"lazy\" decoding=\"async\" src=\"http:\/\/apcmode.com\/wp-content\/uploads\/2016\/07\/sim4.png\" alt=\"sim4\" width=\"297\" height=\"186\" class=\"alignnone size-full wp-image-37\" \/><\/a><\/td><td class=\"column-2\"><h4><span style=\"color: #0000ff;\">4 processos para modelagem <\/h4><h4>Cada processo com uma din\u00e2mica diferente (primeira ordem, segunda ordem sobreamortecido, segunda ordem subamortecido e integrador) para teste de t\u00e9cnicas de modelagem. <\/span><\/h4><\/td>\n<\/tr>\n<tr class=\"row-6 even\">\n\t<td class=\"column-1\"><a href=\"http:\/\/apcmode.com\/wp-content\/uploads\/2016\/07\/screen5.png\"><img loading=\"lazy\" decoding=\"async\" src=\"http:\/\/apcmode.com\/wp-content\/uploads\/2016\/07\/sim5.png\" alt=\"sim5\" width=\"297\" height=\"186\" class=\"alignnone size-full wp-image-37\" srcset=\"https:\/\/apcmode.com\/wp-content\/uploads\/2016\/07\/sim5.png 297w, https:\/\/apcmode.com\/wp-content\/uploads\/2016\/07\/sim5-100x63.png 100w, https:\/\/apcmode.com\/wp-content\/uploads\/2016\/07\/sim5-150x94.png 150w, https:\/\/apcmode.com\/wp-content\/uploads\/2016\/07\/sim5-200x125.png 200w\" sizes=\"auto, (max-width: 297px) 100vw, 297px\" \/><\/a><\/td><td class=\"column-2\"><h4><span style=\"color: #0000ff;\">N\u00edvel Regulat\u00f3rio<\/h4><h4>Controle regulat\u00f3rio em processo integrador com bomba de velocidade vari\u00e1vel n\u00e3o-linear na descarga do tanque. <\/span><\/h4><\/td>\n<\/tr>\n<tr class=\"row-7 odd\">\n\t<td class=\"column-1\"><a href=\"http:\/\/apcmode.com\/wp-content\/uploads\/2016\/07\/screen6.png\"><img loading=\"lazy\" decoding=\"async\" src=\"http:\/\/apcmode.com\/wp-content\/uploads\/2016\/07\/sim6.png\" alt=\"sim6\" width=\"297\" height=\"186\" class=\"alignnone size-full wp-image-37\" \/><\/a><\/td><td class=\"column-2\"><h4><span style=\"color: #0000ff;\">N\u00edvel Tanque Pulm\u00e3o <\/h4><h4>Controle de n\u00edvel de caixa de polpa usada para absor\u00e7\u00e3o de carga. Aplica\u00e7\u00e3o de estrat\u00e9gia de controle do tipo <i>average-level<\/i>. <\/span><\/h4><\/td>\n<\/tr>\n<tr class=\"row-8 even\">\n\t<td class=\"column-1\"><a href=\"http:\/\/apcmode.com\/wp-content\/uploads\/2016\/07\/screen7.png\"><img loading=\"lazy\" decoding=\"async\" src=\"http:\/\/apcmode.com\/wp-content\/uploads\/2016\/07\/sim7.png\" alt=\"sim7\" width=\"297\" height=\"186\" class=\"alignnone size-full wp-image-37\" \/><\/a><\/td><td class=\"column-2\"><h4><span style=\"color: #0000ff;\">Preditor de Smith <\/h4><h4>Uso de compensa\u00e7\u00e3o de tempo morto em processo com atraso de transporte dominante. <\/span><\/h4><\/td>\n<\/tr>\n<tr class=\"row-9 odd\">\n\t<td class=\"column-1\"><a href=\"http:\/\/apcmode.com\/wp-content\/uploads\/2016\/07\/screen8.png\"><img loading=\"lazy\" decoding=\"async\" src=\"http:\/\/apcmode.com\/wp-content\/uploads\/2016\/07\/sim8.png\" alt=\"sim8\" width=\"297\" height=\"186\" class=\"alignnone size-full wp-image-37\" \/><\/a><\/td><td class=\"column-2\"><h4><span style=\"color: #0000ff;\">Press\u00e3o em linha <i> Header <\/i> com tr\u00eas consumidores <\/h4><h4>Desacoplamento de malhas consumidoras com regula\u00e7\u00e3o de press\u00e3o no header (cabe\u00e7ote de linha). <\/span><\/h4><\/td>\n<\/tr>\n<tr class=\"row-10 even\">\n\t<td class=\"column-1\"><a href=\"http:\/\/apcmode.com\/wp-content\/uploads\/2016\/07\/screen9.png\"><img loading=\"lazy\" decoding=\"async\" src=\"http:\/\/apcmode.com\/wp-content\/uploads\/2016\/07\/sim9.png\" alt=\"sim9\" width=\"297\" height=\"186\" class=\"alignnone size-full wp-image-37\" \/><\/a><\/td><td class=\"column-2\"><h4><span style=\"color: #0000ff;\">Processos N\u00e3o Lineares <\/h4><h4>Simula\u00e7\u00e3o de processos operando com agarramento, histerese e curva n\u00e3o-linear em v\u00e1lvulas e limitador de acelera\u00e7\u00e3o em variador de velocidade. <\/span><\/h4><\/td>\n<\/tr>\n<tr class=\"row-11 odd\">\n\t<td class=\"column-1\"><a href=\"http:\/\/apcmode.com\/wp-content\/uploads\/2016\/07\/screen10.png\"><img loading=\"lazy\" decoding=\"async\" src=\"http:\/\/apcmode.com\/wp-content\/uploads\/2016\/07\/sim10.png\" alt=\"sim10\" width=\"297\" height=\"186\" class=\"alignnone size-full wp-image-37\" \/><\/a><\/td><td class=\"column-2\"><h4><span style=\"color: #0000ff;\">Reator Cont\u00ednuo (CSTR) <\/h4><h4>Controle de n\u00edvel, temperatura e vaz\u00e3o de reator com elo interno e compensa\u00e7\u00e3o direta. <\/span><\/h4><\/td>\n<\/tr>\n<tr class=\"row-12 even\">\n\t<td class=\"column-1\"><a href=\"http:\/\/apcmode.com\/wp-content\/uploads\/2016\/07\/screen11.png\"><img loading=\"lazy\" decoding=\"async\" src=\"http:\/\/apcmode.com\/wp-content\/uploads\/2016\/07\/sim11.png\" alt=\"sim11\" width=\"297\" height=\"186\" class=\"alignnone size-full wp-image-37\" \/><\/a><\/td><td class=\"column-2\"><h4><span style=\"color: #0000ff;\">Temperatura com Trocador de Calor<\/h4><h4>Controle de temperatura em trocador de calor com compensa\u00e7\u00e3o direta da temperatura de chegada. <\/span><\/h4><\/td>\n<\/tr>\n<tr class=\"row-13 odd\">\n\t<td class=\"column-1\"><a href=\"http:\/\/apcmode.com\/wp-content\/uploads\/2016\/07\/screen12.png\"><img loading=\"lazy\" decoding=\"async\" src=\"http:\/\/apcmode.com\/wp-content\/uploads\/2016\/07\/sim12.png\" alt=\"sim12\" width=\"297\" height=\"186\" class=\"alignnone size-full wp-image-37\" \/><\/a><\/td><td class=\"column-2\"><h4><span style=\"color: #0000ff;\">Temperatura Forno<\/h4><h4>Controle realimentado e tratamento de ru\u00eddo de medi\u00e7\u00e3o. <\/span><\/h4><\/td>\n<\/tr>\n<tr class=\"row-14 even\">\n\t<td class=\"column-1\"><a href=\"http:\/\/apcmode.com\/wp-content\/uploads\/2016\/07\/screen13.png\"><img loading=\"lazy\" decoding=\"async\" src=\"http:\/\/apcmode.com\/wp-content\/uploads\/2016\/07\/sim13.png\" alt=\"sim13\" width=\"297\" height=\"186\" class=\"alignnone size-full wp-image-37\" \/><\/a><\/td><td class=\"column-2\"><h4><span style=\"color: #0000ff;\">Temperatura Forno (Mestre-Escravo) <\/h4><h4>Controle prim\u00e1rio de temperatura e secund\u00e1rio de vaz\u00e3o. <\/span><\/h4><\/td>\n<\/tr>\n<tr class=\"row-15 odd\">\n\t<td class=\"column-1\"><a href=\"http:\/\/apcmode.com\/wp-content\/uploads\/2016\/07\/screen14.png\"><img loading=\"lazy\" decoding=\"async\" src=\"http:\/\/apcmode.com\/wp-content\/uploads\/2016\/07\/sim14.png\" alt=\"sim14\" width=\"297\" height=\"186\" class=\"alignnone size-full wp-image-37\" \/><\/a><\/td><td class=\"column-2\"><h4><span style=\"color: #0000ff;\">Temperatura em reator (<i>Split-Range<\/i>) <\/h4><h4>Divis\u00e3o de faixa na sa\u00edda do controlador de temperatura em reator com jaqueta de esfriamento e aquecimento. <\/span><\/h4><\/td>\n<\/tr>\n<tr class=\"row-16 even\">\n\t<td class=\"column-1\"><a href=\"http:\/\/apcmode.com\/wp-content\/uploads\/2016\/07\/screen15.png\"><img loading=\"lazy\" decoding=\"async\" src=\"http:\/\/apcmode.com\/wp-content\/uploads\/2016\/07\/sim15.png\" alt=\"sim15\" width=\"297\" height=\"186\" class=\"alignnone size-full wp-image-37\" \/><\/a><\/td><td class=\"column-2\"><h4><span style=\"color: #0000ff;\">Planta de Resfriamento <\/h4><h4>Processo multimalha para resfriamento de g\u00e1s com controle de n\u00edvel, press\u00e3o e temperatura. <\/span><\/h4><\/td>\n<\/tr>\n<tr class=\"row-17 odd\">\n\t<td class=\"column-1\"><a href=\"http:\/\/apcmode.com\/wp-content\/uploads\/2016\/07\/screen16.png\"><img loading=\"lazy\" decoding=\"async\" src=\"http:\/\/apcmode.com\/wp-content\/uploads\/2016\/07\/sim16.png\" alt=\"sim16\" width=\"297\" height=\"186\" class=\"alignnone size-full wp-image-37\" \/><\/a><\/td><td class=\"column-2\"><h4><span style=\"color: #0000ff;\">Torre Deetanizadora <\/h4><h4>Controle-m\u00e9dio de n\u00edvel em vaso separador; controle de temperatura e n\u00edvel de condensado com elo interno e compensa\u00e7\u00e3o direta; controle de press\u00e3o de topo. <\/span><\/h4><\/td>\n<\/tr>\n<tr class=\"row-18 even\">\n\t<td class=\"column-1\"><a href=\"http:\/\/apcmode.com\/wp-content\/uploads\/2016\/07\/screen17.png\"><img loading=\"lazy\" decoding=\"async\" src=\"http:\/\/apcmode.com\/wp-content\/uploads\/2016\/07\/sim17.png\" alt=\"sim17\" width=\"297\" height=\"186\" class=\"alignnone size-full wp-image-37\" \/><\/a><\/td><td class=\"column-2\"><h4><span style=\"color: #0000ff;\">Vaz\u00e3o com composi\u00e7\u00e3o Grosso-Fino (<i>Course-Fine<\/i>) <\/h4><h4>Melhoria de rangeabilidade e resolu\u00e7\u00e3o em malha de vaz\u00e3o com associa\u00e7\u00e3o de duas v\u00e1lvulas de diferentes di\u00e2metros  <\/span><\/h4><\/td>\n<\/tr>\n<tr class=\"row-19 odd\">\n\t<td class=\"column-1\"><a href=\"http:\/\/apcmode.com\/wp-content\/uploads\/2016\/07\/screen18.png\"><img loading=\"lazy\" decoding=\"async\" src=\"http:\/\/apcmode.com\/wp-content\/uploads\/2016\/07\/sim18.png\" alt=\"sim18\" width=\"297\" height=\"186\" class=\"alignnone size-full wp-image-37\" \/><\/a><\/td><td class=\"column-2\"><h4><span style=\"color: #0000ff;\">Vaz\u00e3o Simples<\/h4><h4>Malha de controle simplificada para estudo sobre resposta a varia\u00e7\u00e3o em SP e varia\u00e7\u00e3o de carga.  <\/span><\/h4><\/td>\n<\/tr>\n<tr class=\"row-20 even\">\n\t<td class=\"column-1\"><a href=\"http:\/\/apcmode.com\/wp-content\/uploads\/2016\/07\/screen19.png\"><img loading=\"lazy\" decoding=\"async\" src=\"http:\/\/apcmode.com\/wp-content\/uploads\/2016\/07\/sim19.png\" alt=\"sim19\" width=\"297\" height=\"186\" class=\"alignnone size-full wp-image-37\" \/><\/a><\/td><td class=\"column-2\"><h4><span style=\"color: #0000ff;\">Estudo sobre resposta em frequ\u00eancia<\/h4><h4>Simula\u00e7\u00e3o de uma malha de vaz\u00e3o submetida a SP e dist\u00farbio com perfil senoidal.  <\/span><\/h4><\/td>\n<\/tr>\n<\/tbody>\n<\/table>\n<!-- #tablepress-1 from cache -->\n","protected":false},"excerpt":{"rendered":"<p>O TDPS \u00e9 uma ferramenta para simula\u00e7\u00e3o de estrat\u00e9gias de controle para fins de ensino e pesquisa. Ela pode ser baixada gratuitamente na se\u00e7\u00e3o downloads. O aplicativo utiliza objetos que reproduzem o funcionamento de controladores do tipo PID, tela sin\u00f3tica, &hellip;<\/p>\n<p class=\"read-more\"> <a class=\"more-link\" href=\"https:\/\/apcmode.com\/?page_id=2\"> <span class=\"screen-reader-text\">Simulador<\/span> Read More &raquo;<\/a><\/p>\n","protected":false},"author":1,"featured_media":0,"parent":0,"menu_order":0,"comment_status":"closed","ping_status":"closed","template":"","meta":{"footnotes":""},"class_list":["post-2","page","type-page","status-publish","hentry"],"_links":{"self":[{"href":"https:\/\/apcmode.com\/index.php?rest_route=\/wp\/v2\/pages\/2","targetHints":{"allow":["GET"]}}],"collection":[{"href":"https:\/\/apcmode.com\/index.php?rest_route=\/wp\/v2\/pages"}],"about":[{"href":"https:\/\/apcmode.com\/index.php?rest_route=\/wp\/v2\/types\/page"}],"author":[{"embeddable":true,"href":"https:\/\/apcmode.com\/index.php?rest_route=\/wp\/v2\/users\/1"}],"replies":[{"embeddable":true,"href":"https:\/\/apcmode.com\/index.php?rest_route=%2Fwp%2Fv2%2Fcomments&post=2"}],"version-history":[{"count":1,"href":"https:\/\/apcmode.com\/index.php?rest_route=\/wp\/v2\/pages\/2\/revisions"}],"predecessor-version":[{"id":1293,"href":"https:\/\/apcmode.com\/index.php?rest_route=\/wp\/v2\/pages\/2\/revisions\/1293"}],"wp:attachment":[{"href":"https:\/\/apcmode.com\/index.php?rest_route=%2Fwp%2Fv2%2Fmedia&parent=2"}],"curies":[{"name":"wp","href":"https:\/\/api.w.org\/{rel}","templated":true}]}}