{"id":183,"date":"2016-07-12T08:50:46","date_gmt":"2016-07-12T11:50:46","guid":{"rendered":"http:\/\/apcmode.com\/?page_id=183"},"modified":"2016-07-15T18:39:06","modified_gmt":"2016-07-15T21:39:06","slug":"exemplo_blocos_funcionais","status":"publish","type":"page","link":"https:\/\/apcmode.com\/?page_id=183","title":{"rendered":"Passo-a-passo para cria\u00e7\u00e3o de um projeto"},"content":{"rendered":"<p>Neste exemplo ser\u00e1\u00a0simulada uma estrat\u00e9gia de controle preferencial.<\/p>\n<h4><span style=\"color: #0000ff;\">Inicio de novo projeto<\/span><\/h4>\n<p>1) Inicie um novo projeto de simula\u00e7\u00e3o&#8230; <strong><em>Menu Arquivo-&gt;Novo<\/em><\/strong><\/p>\n<p>2) Abra a janela de configura\u00e7\u00e3o&#8230;<em><strong>Menu Configura\u00e7\u00e3o<\/strong><\/em>. Preencha o campo &#8220;<strong><em>T\u00edtulo da Simula\u00e7\u00e3o<\/em><\/strong>&#8221; e indique o caminho para o arquivo que ser\u00e1 exibido como imagem de fundo em &#8220;<em><strong>Arquivo de Imagem&#8221;<\/strong><\/em>. <a href=\"https:\/\/apcmode.com\/wp-content\/uploads\/2016\/07\/tela-de-fundo.bmp\">Clique aqui para acessar\u00a0a imagem utilizada neste exemplo<\/a>.<\/p>\n<p><img loading=\"lazy\" decoding=\"async\" class=\"aligncenter\" src=\"https:\/\/apcmode.com\/wp-content\/uploads\/2016\/07\/tela_configuracao.png\" width=\"666\" height=\"316\" \/><\/p>\n<p>3) Ainda na janela <em><strong>configura\u00e7\u00e3o<\/strong><\/em>, habilite o\u00a0<em>checkbox<\/em>\u00a0de um controlador, dois processos e dois\u00a0bloco de c\u00e1lculos (use as\u00a0abas correspondentes). Clique no bot\u00e3o <em><strong>sair<\/strong><\/em>.<\/p>\n<p><img loading=\"lazy\" decoding=\"async\" class=\"alignnone size-full wp-image-204\" src=\"https:\/\/apcmode.com\/wp-content\/uploads\/2016\/07\/exemplo2.png\" alt=\"exemplo2\" width=\"841\" height=\"48\" srcset=\"https:\/\/apcmode.com\/wp-content\/uploads\/2016\/07\/exemplo2.png 841w, https:\/\/apcmode.com\/wp-content\/uploads\/2016\/07\/exemplo2-300x17.png 300w, https:\/\/apcmode.com\/wp-content\/uploads\/2016\/07\/exemplo2-768x44.png 768w, https:\/\/apcmode.com\/wp-content\/uploads\/2016\/07\/exemplo2-100x6.png 100w, https:\/\/apcmode.com\/wp-content\/uploads\/2016\/07\/exemplo2-150x9.png 150w, https:\/\/apcmode.com\/wp-content\/uploads\/2016\/07\/exemplo2-200x11.png 200w, https:\/\/apcmode.com\/wp-content\/uploads\/2016\/07\/exemplo2-450x26.png 450w, https:\/\/apcmode.com\/wp-content\/uploads\/2016\/07\/exemplo2-600x34.png 600w\" sizes=\"auto, (max-width: 841px) 100vw, 841px\" \/><\/p>\n<p>Na tela principal ser\u00e1 exibida a imagem de fundo e 4 bot\u00f5es referentes aos blocos que foram habilitados. Caso deseje, utilize menu&#8230;\u00a0<em><strong>op\u00e7\u00f5es-&gt;mover objetos<\/strong><\/em> para reposicionar os bot\u00f5es pr\u00f3ximos aos instrumentos conforme imagem abaixo.\u00a0<strong><span style=\"color: #3366ff;\">Repare que ao posicionar o cursor do mouse sobre um bot\u00e3o, \u00e9 informado num bal\u00e3o o endere\u00e7o de mem\u00f3ria de sua sa\u00edda.\u00a0<\/span><\/strong><\/p>\n<p><img loading=\"lazy\" decoding=\"async\" class=\"size-full wp-image-200 aligncenter\" src=\"https:\/\/apcmode.com\/wp-content\/uploads\/2016\/07\/exemplo1.png\" alt=\"exemplo1\" width=\"578\" height=\"408\" srcset=\"https:\/\/apcmode.com\/wp-content\/uploads\/2016\/07\/exemplo1.png 578w, https:\/\/apcmode.com\/wp-content\/uploads\/2016\/07\/exemplo1-300x212.png 300w, https:\/\/apcmode.com\/wp-content\/uploads\/2016\/07\/exemplo1-100x71.png 100w, https:\/\/apcmode.com\/wp-content\/uploads\/2016\/07\/exemplo1-150x106.png 150w, https:\/\/apcmode.com\/wp-content\/uploads\/2016\/07\/exemplo1-200x141.png 200w, https:\/\/apcmode.com\/wp-content\/uploads\/2016\/07\/exemplo1-450x318.png 450w\" sizes=\"auto, (max-width: 578px) 100vw, 578px\" \/><\/p>\n<h4><span style=\"color: #0000ff;\">Configura\u00e7\u00e3o dos blocos funcionais<\/span><\/h4>\n<p>Nos pr\u00f3ximos passos ser\u00e3o configurados cada um dos quatro blocos funcionais. A ideia ser\u00e1 utilizar os blocos de processo para simular as rela\u00e7\u00f5es din\u00e2micas (fun\u00e7\u00f5es de transfer\u00eancia) entre abertura da v\u00e1lvula e a vaz\u00e3o (processo 1) e abertura da v\u00e1lvula e press\u00e3o (processo 2). Sendo que a abertura da v\u00e1lvula \u00e9 determinada pela sa\u00edda do bloco controlador PID. \u00a0Em seguida um dos blocos\u00a0de c\u00e1lculo ser\u00e1 utilizado para somar\u00a0um sinal\u00a0aleat\u00f3rio\u00a0tipo random-walk ao sinal da press\u00e3o. J\u00e1 o outro ser\u00e1 utilizado para executar a opera\u00e7\u00e3o &#8220;maior que&#8221; e gerar o sinal que ser\u00e1 utilizado pelo controlador como vari\u00e1vel de processo (PV). Por fim o bloco controlador ser\u00e1 parametrizado\u00a0e a simula\u00e7\u00e3o estar\u00e1 conclu\u00edda.<\/p>\n<p>4) Abra a janela de configura\u00e7\u00e3o do bloco de processo que ser\u00e1 usado para FT1101 (clique sobre o bot\u00e3o \u00e0 esquerda do instrumento). Configure-o conforme gravura abaixo, depois clique nos bot\u00f5es &#8220;<strong>Atualizar<\/strong>&#8221; e &#8220;<strong>Sair<\/strong>&#8220;.<\/p>\n<p>Para saber detalhes sobre as janelas de configura\u00e7\u00e3o, visite <a href=\"https:\/\/apcmode.com\/simulador\/elementos_simulacao\/\">Elementos de Simula\u00e7\u00e3o<\/a>.<\/p>\n<p><img loading=\"lazy\" decoding=\"async\" class=\"alignnone size-full wp-image-205 aligncenter\" src=\"https:\/\/apcmode.com\/wp-content\/uploads\/2016\/07\/exemplo3.png\" alt=\"exemplo3\" width=\"496\" height=\"295\" srcset=\"https:\/\/apcmode.com\/wp-content\/uploads\/2016\/07\/exemplo3.png 496w, https:\/\/apcmode.com\/wp-content\/uploads\/2016\/07\/exemplo3-300x178.png 300w, https:\/\/apcmode.com\/wp-content\/uploads\/2016\/07\/exemplo3-100x59.png 100w, https:\/\/apcmode.com\/wp-content\/uploads\/2016\/07\/exemplo3-150x89.png 150w, https:\/\/apcmode.com\/wp-content\/uploads\/2016\/07\/exemplo3-200x119.png 200w, https:\/\/apcmode.com\/wp-content\/uploads\/2016\/07\/exemplo3-450x268.png 450w\" sizes=\"auto, (max-width: 496px) 100vw, 496px\" \/><\/p>\n<p>5) Abra a janela de configura\u00e7\u00e3o do outro\u00a0bloco de processo (instrumento PT1101). Configure-o conforme gravura abaixo.<\/p>\n<p><img loading=\"lazy\" decoding=\"async\" class=\"alignnone size-full wp-image-206 aligncenter\" src=\"https:\/\/apcmode.com\/wp-content\/uploads\/2016\/07\/exemplo4.png\" alt=\"exemplo4\" width=\"496\" height=\"295\" srcset=\"https:\/\/apcmode.com\/wp-content\/uploads\/2016\/07\/exemplo4.png 496w, https:\/\/apcmode.com\/wp-content\/uploads\/2016\/07\/exemplo4-300x178.png 300w, https:\/\/apcmode.com\/wp-content\/uploads\/2016\/07\/exemplo4-100x59.png 100w, https:\/\/apcmode.com\/wp-content\/uploads\/2016\/07\/exemplo4-150x89.png 150w, https:\/\/apcmode.com\/wp-content\/uploads\/2016\/07\/exemplo4-200x119.png 200w, https:\/\/apcmode.com\/wp-content\/uploads\/2016\/07\/exemplo4-450x268.png 450w\" sizes=\"auto, (max-width: 496px) 100vw, 496px\" \/><\/p>\n<p>6)\u00a0Antes de inciar\u00a0o pr\u00f3ximo bloco, um ru\u00eddo do tipo <em>random-walk<\/em>\u00a0deve ser\u00a0configurado em&#8230;<strong>Menu Gerador de Sinais.\u00a0<\/strong>Parametrize a mem\u00f3ria M81 como\u00a0ru\u00eddo Random Walk com amplitude de at\u00e9 40, valor inicial 0 e ganho 0.5.<\/p>\n<p><img loading=\"lazy\" decoding=\"async\" class=\"alignnone size-full wp-image-207 aligncenter\" src=\"https:\/\/apcmode.com\/wp-content\/uploads\/2016\/07\/exemplo5.png\" alt=\"exemplo5\" width=\"367\" height=\"486\" srcset=\"https:\/\/apcmode.com\/wp-content\/uploads\/2016\/07\/exemplo5.png 367w, https:\/\/apcmode.com\/wp-content\/uploads\/2016\/07\/exemplo5-227x300.png 227w, https:\/\/apcmode.com\/wp-content\/uploads\/2016\/07\/exemplo5-100x132.png 100w, https:\/\/apcmode.com\/wp-content\/uploads\/2016\/07\/exemplo5-150x199.png 150w, https:\/\/apcmode.com\/wp-content\/uploads\/2016\/07\/exemplo5-200x265.png 200w, https:\/\/apcmode.com\/wp-content\/uploads\/2016\/07\/exemplo5-300x397.png 300w\" sizes=\"auto, (max-width: 367px) 100vw, 367px\" \/><\/p>\n<p>Em seguida\u00a0abra as janelas de configura\u00e7\u00e3o dos\u00a0blocos de c\u00e1lculos. Configure-os conforme gravura abaixo. \u00c0 esquerda \u00e9 o bloco do seletor &#8220;maior que&#8221; que copia para sua sa\u00edda (M42) o maior valor entre o armazenado pela mem\u00f3ria M21 e a mem\u00f3ria M41. \u00c0\u00a0direita o bloco de c\u00e1lculo do instrumento PY1101 soma a sa\u00edda do bloco de processo PT1101 com o ru\u00eddo gerado na mem\u00f3ria M81. O resultado \u00e9 armazenado em M41.<\/p>\n<p><img loading=\"lazy\" decoding=\"async\" class=\"size-full wp-image-209 aligncenter\" src=\"https:\/\/apcmode.com\/wp-content\/uploads\/2016\/07\/exemplo6.png\" alt=\"exemplo6\" width=\"600\" height=\"227\" srcset=\"https:\/\/apcmode.com\/wp-content\/uploads\/2016\/07\/exemplo6.png 600w, https:\/\/apcmode.com\/wp-content\/uploads\/2016\/07\/exemplo6-300x114.png 300w, https:\/\/apcmode.com\/wp-content\/uploads\/2016\/07\/exemplo6-100x38.png 100w, https:\/\/apcmode.com\/wp-content\/uploads\/2016\/07\/exemplo6-150x57.png 150w, https:\/\/apcmode.com\/wp-content\/uploads\/2016\/07\/exemplo6-200x76.png 200w, https:\/\/apcmode.com\/wp-content\/uploads\/2016\/07\/exemplo6-450x170.png 450w\" sizes=\"auto, (max-width: 600px) 100vw, 600px\" \/><\/p>\n<p>7)\u00a0Abra a janela de configura\u00e7\u00e3o do bloco controlador PID. Configure-o conforme gravura abaixo. Ajuste setpoint (campo &#8220;SP&#8221;) em 50, a\u00e7\u00e3o integral (campo &#8220;I&#8221;) em 2,\u00a0chaveie o controlador para modo autom\u00e1tico (chave &#8220;A\/M&#8221;) e selecione\u00a0o endere\u00e7o M42 para o campo &#8220;PV&#8221;.<\/p>\n<p><img loading=\"lazy\" decoding=\"async\" class=\"size-full wp-image-212 aligncenter\" src=\"https:\/\/apcmode.com\/wp-content\/uploads\/2016\/07\/exemplo7-1.png\" alt=\"exemplo7\" width=\"631\" height=\"353\" srcset=\"https:\/\/apcmode.com\/wp-content\/uploads\/2016\/07\/exemplo7-1.png 631w, https:\/\/apcmode.com\/wp-content\/uploads\/2016\/07\/exemplo7-1-300x168.png 300w, https:\/\/apcmode.com\/wp-content\/uploads\/2016\/07\/exemplo7-1-100x56.png 100w, https:\/\/apcmode.com\/wp-content\/uploads\/2016\/07\/exemplo7-1-150x84.png 150w, https:\/\/apcmode.com\/wp-content\/uploads\/2016\/07\/exemplo7-1-200x112.png 200w, https:\/\/apcmode.com\/wp-content\/uploads\/2016\/07\/exemplo7-1-450x252.png 450w, https:\/\/apcmode.com\/wp-content\/uploads\/2016\/07\/exemplo7-1-600x336.png 600w\" sizes=\"auto, (max-width: 631px) 100vw, 631px\" \/><\/p>\n<h4><span style=\"color: #0000ff;\">Configura\u00e7\u00e3o de <em>displays<\/em> e registradores.<\/span><\/h4>\n<p>Por \u00faltimo ser\u00e3o inclu\u00eddos alguns textos animados (<em>displays<\/em>), um registrador de gr\u00e1fico de tend\u00eancia e um <em>trackbar<\/em> para selecionar o <em>setpoint<\/em>.<\/p>\n<p>8) Abra&#8230;\u00a0<strong>Menu-&gt;Configura\u00e7\u00e3o<\/strong>, e habilite dois\u00a0registradores e\u00a0quatro textos animados. Os textos animados ir\u00e3o aparecer sobrepostos com o s\u00edmbolo &#8220;0.00&#8221;. Mova-os para pr\u00f3ximo dos instrumentos e com um <em>duplo-click<\/em>, abra a janela de configura\u00e7\u00e3o de cada um. Parametrize-os conforme gravura abaixo.<\/p>\n<p><img loading=\"lazy\" decoding=\"async\" class=\"alignnone size-full wp-image-213\" src=\"https:\/\/apcmode.com\/wp-content\/uploads\/2016\/07\/exemplo8.png\" alt=\"exemplo8\" width=\"915\" height=\"610\" srcset=\"https:\/\/apcmode.com\/wp-content\/uploads\/2016\/07\/exemplo8.png 915w, https:\/\/apcmode.com\/wp-content\/uploads\/2016\/07\/exemplo8-300x200.png 300w, https:\/\/apcmode.com\/wp-content\/uploads\/2016\/07\/exemplo8-768x512.png 768w, https:\/\/apcmode.com\/wp-content\/uploads\/2016\/07\/exemplo8-100x67.png 100w, https:\/\/apcmode.com\/wp-content\/uploads\/2016\/07\/exemplo8-150x100.png 150w, https:\/\/apcmode.com\/wp-content\/uploads\/2016\/07\/exemplo8-200x133.png 200w, https:\/\/apcmode.com\/wp-content\/uploads\/2016\/07\/exemplo8-450x300.png 450w, https:\/\/apcmode.com\/wp-content\/uploads\/2016\/07\/exemplo8-600x400.png 600w, https:\/\/apcmode.com\/wp-content\/uploads\/2016\/07\/exemplo8-900x600.png 900w\" sizes=\"auto, (max-width: 915px) 100vw, 915px\" \/><\/p>\n<p>Em seguida clique sobre o bot\u00e3o de cada Registrador e configure-os conforme gravura abaixo.<\/p>\n<p><img loading=\"lazy\" decoding=\"async\" class=\"alignnone size-full wp-image-215\" src=\"https:\/\/apcmode.com\/wp-content\/uploads\/2016\/07\/exemplo9.png\" alt=\"exemplo9\" width=\"980\" height=\"646\" srcset=\"https:\/\/apcmode.com\/wp-content\/uploads\/2016\/07\/exemplo9.png 980w, https:\/\/apcmode.com\/wp-content\/uploads\/2016\/07\/exemplo9-300x198.png 300w, https:\/\/apcmode.com\/wp-content\/uploads\/2016\/07\/exemplo9-768x506.png 768w, https:\/\/apcmode.com\/wp-content\/uploads\/2016\/07\/exemplo9-100x66.png 100w, https:\/\/apcmode.com\/wp-content\/uploads\/2016\/07\/exemplo9-150x99.png 150w, https:\/\/apcmode.com\/wp-content\/uploads\/2016\/07\/exemplo9-200x132.png 200w, https:\/\/apcmode.com\/wp-content\/uploads\/2016\/07\/exemplo9-450x297.png 450w, https:\/\/apcmode.com\/wp-content\/uploads\/2016\/07\/exemplo9-600x396.png 600w, https:\/\/apcmode.com\/wp-content\/uploads\/2016\/07\/exemplo9-900x593.png 900w\" sizes=\"auto, (max-width: 980px) 100vw, 980px\" \/><\/p>\n<p>9) Por fim tamb\u00e9m ser\u00e1 inclu\u00eddo um <em>trackbar<\/em> para sele\u00e7\u00e3o do <em>setpoint<\/em>. Em\u00a0<strong>Menu-&gt;Configura\u00e7\u00e3o<\/strong>, aba <strong>Comandos<\/strong>, parametrize conforme figura abaixo.<\/p>\n<p><img loading=\"lazy\" decoding=\"async\" class=\"alignnone size-full wp-image-217\" src=\"https:\/\/apcmode.com\/wp-content\/uploads\/2016\/07\/exemplo10.png\" alt=\"exemplo10\" width=\"743\" height=\"410\" srcset=\"https:\/\/apcmode.com\/wp-content\/uploads\/2016\/07\/exemplo10.png 743w, https:\/\/apcmode.com\/wp-content\/uploads\/2016\/07\/exemplo10-300x166.png 300w, https:\/\/apcmode.com\/wp-content\/uploads\/2016\/07\/exemplo10-100x55.png 100w, https:\/\/apcmode.com\/wp-content\/uploads\/2016\/07\/exemplo10-150x83.png 150w, https:\/\/apcmode.com\/wp-content\/uploads\/2016\/07\/exemplo10-200x110.png 200w, https:\/\/apcmode.com\/wp-content\/uploads\/2016\/07\/exemplo10-450x248.png 450w, https:\/\/apcmode.com\/wp-content\/uploads\/2016\/07\/exemplo10-600x331.png 600w\" sizes=\"auto, (max-width: 743px) 100vw, 743px\" \/><\/p>\n<p>&nbsp;<\/p>\n","protected":false},"excerpt":{"rendered":"<p>Neste exemplo ser\u00e1\u00a0simulada uma estrat\u00e9gia de controle preferencial. Inicio de novo projeto 1) Inicie um novo projeto de simula\u00e7\u00e3o&#8230; Menu Arquivo-&gt;Novo 2) Abra a janela de configura\u00e7\u00e3o&#8230;Menu Configura\u00e7\u00e3o. Preencha o campo &#8220;T\u00edtulo da Simula\u00e7\u00e3o&#8221; e indique o caminho para o &hellip;<\/p>\n<p class=\"read-more\"> <a class=\"more-link\" href=\"https:\/\/apcmode.com\/?page_id=183\"> <span class=\"screen-reader-text\">Passo-a-passo para cria\u00e7\u00e3o de um projeto<\/span> Read More &raquo;<\/a><\/p>\n","protected":false},"author":1,"featured_media":0,"parent":2,"menu_order":4,"comment_status":"closed","ping_status":"closed","template":"content-sidebar-page.php","meta":{"footnotes":""},"class_list":["post-183","page","type-page","status-publish","hentry"],"_links":{"self":[{"href":"https:\/\/apcmode.com\/index.php?rest_route=\/wp\/v2\/pages\/183","targetHints":{"allow":["GET"]}}],"collection":[{"href":"https:\/\/apcmode.com\/index.php?rest_route=\/wp\/v2\/pages"}],"about":[{"href":"https:\/\/apcmode.com\/index.php?rest_route=\/wp\/v2\/types\/page"}],"author":[{"embeddable":true,"href":"https:\/\/apcmode.com\/index.php?rest_route=\/wp\/v2\/users\/1"}],"replies":[{"embeddable":true,"href":"https:\/\/apcmode.com\/index.php?rest_route=%2Fwp%2Fv2%2Fcomments&post=183"}],"version-history":[{"count":0,"href":"https:\/\/apcmode.com\/index.php?rest_route=\/wp\/v2\/pages\/183\/revisions"}],"up":[{"embeddable":true,"href":"https:\/\/apcmode.com\/index.php?rest_route=\/wp\/v2\/pages\/2"}],"wp:attachment":[{"href":"https:\/\/apcmode.com\/index.php?rest_route=%2Fwp%2Fv2%2Fmedia&parent=183"}],"curies":[{"name":"wp","href":"https:\/\/api.w.org\/{rel}","templated":true}]}}